{"id":2316,"date":"2016-11-25T19:53:43","date_gmt":"2016-11-25T19:53:43","guid":{"rendered":"https:\/\/piedracreativa.com\/blog\/?page_id=2316"},"modified":"2018-03-02T21:18:06","modified_gmt":"2018-03-02T20:18:06","slug":"inicio","status":"publish","type":"page","link":"https:\/\/piedracreativa.com\/blog\/","title":{"rendered":"Inicio"},"content":{"rendered":"<h2>PiedraCreativa, tu blog de manualidades decorativas realizadas con piedras pintadas, combinadas con otras, etc.<\/h2>\n<p>PiedraCreativa te muestra este tipo de DIY en el que podr\u00e1s aprender esta original forma de decoraci\u00f3n art\u00edstica como es la de pintar piedra, usarla de diferentes formas y darle rienda suelta a tu imaginaci\u00f3n.<\/p>\n<p>Poco a poco y con un material tan f\u00e1cil de conseguir como la piedra podr\u00e1s crear art\u00edculos decorativos como son:<\/p>\n<ul>\n<li>peque\u00f1as decoraciones con piedras dibujadas y coloreadas<\/li>\n<li>atractivos cuadros<\/li>\n<li>mandalas<\/li>\n<li>&#8230; y un mont\u00f3n m\u00e1s de divertidas creaciones<\/li>\n<\/ul>\n<p>Con este tipo de manualidad\u00a0podr\u00e1s compartir buenos momentos con los tuyos, aumentar\u00a0tu creatividad e imaginaci\u00f3n y dar un toque de distinci\u00f3n a tu hogar.<\/p>\n<p>Para ayudar a que nuestra imaginaci\u00f3n y creatividad se active iremos introduciendo diferentes tem\u00e1ticas que nos inspirar\u00e1n a\u00a0la hora de realizar nuevas creaciones.\u00a0Ser\u00e1n temas tan\u00a0variados como son:<\/p>\n<ul>\n<li>Navidad<\/li>\n<li>San Valent\u00edn<\/li>\n<li>Halloween<\/li>\n<li>Verano<\/li>\n<li>Decoraci\u00f3n en exteriores<\/li>\n<li>Art\u00edculos decorativos para el hogar<\/li>\n<li>&#8230;<\/li>\n<\/ul>\n<p><strong>\u00danete a nosotros y&#8230; \u00a1dale rienda suelta a tu imaginaci\u00f3n decorativa!<\/strong><\/p>\n","protected":false},"excerpt":{"rendered":"<p>PiedraCreativa, tu blog de manualidades decorativas realizadas con piedras pintadas, combinadas con otras, etc. PiedraCreativa te muestra este tipo de DIY en el que podr\u00e1s aprender esta original forma de decoraci\u00f3n art\u00edstica como es la de pintar piedra, usarla de diferentes formas y darle rienda suelta a tu imaginaci\u00f3n. Poco a poco y con un [&hellip;]<\/p>\n","protected":false},"author":1,"featured_media":3267,"parent":0,"menu_order":0,"comment_status":"closed","ping_status":"closed","template":"template-modules.php","meta":{"yasr_overall_rating":0,"yasr_post_is_review":"","yasr_auto_insert_disabled":"","yasr_review_type":"","footnotes":""},"class_list":["post-2316","page","type-page","status-publish","has-post-thumbnail"],"yoast_head":"<!-- This site is optimized with the Yoast SEO plugin v23.8 - https:\/\/yoast.com\/wordpress\/plugins\/seo\/ -->\n<title>PiedraCreativa &#8226; Manualidades con piedras decorativas para tu hogar<\/title>\n<meta name=\"description\" content=\"Manualidades con piedras en PiedraCreativa. Con este tipo de DIY sacar\u00e1s partido a esta f\u00e1cil y original forma de pintar piedra y de decorar tu hogar.\" \/>\n<meta name=\"robots\" content=\"index, follow, max-snippet:-1, max-image-preview:large, max-video-preview:-1\" \/>\n<link rel=\"canonical\" href=\"https:\/\/piedracreativa.com\/blog\/\" \/>\n<meta property=\"og:locale\" content=\"es_ES\" \/>\n<meta property=\"og:type\" content=\"article\" \/>\n<meta property=\"og:title\" content=\"PiedraCreativa \u00b7 Manualidades con piedras decorativas para tu hogar\" \/>\n<meta property=\"og:description\" content=\"#Manualidades con piedras en #PiedraCreativa. Con este tipo de #DIY sacar\u00e1s partido a esta f\u00e1cil y original forma de pintar piedra y de decorar tu hogar.\" \/>\n<meta property=\"og:url\" content=\"https:\/\/piedracreativa.com\/blog\/\" \/>\n<meta property=\"og:site_name\" content=\"PiedraCreativa\" \/>\n<meta property=\"article:publisher\" content=\"https:\/\/www.facebook.com\/PiedraCreativa-586990834844016\/\" \/>\n<meta property=\"article:modified_time\" content=\"2018-03-02T20:18:06+00:00\" \/>\n<meta property=\"og:image\" content=\"https:\/\/piedracreativa.com\/blog\/wp-content\/uploads\/2016\/11\/blog-de-manualidades-piedracreativa.jpg\" \/>\n\t<meta property=\"og:image:width\" content=\"1200\" \/>\n\t<meta property=\"og:image:height\" content=\"630\" \/>\n\t<meta property=\"og:image:type\" content=\"image\/jpeg\" \/>\n<meta name=\"twitter:card\" content=\"summary_large_image\" \/>\n<meta name=\"twitter:title\" content=\"PiedraCreativa \u00b7 Manualidades con piedras decorativas para tu hogar\" \/>\n<meta name=\"twitter:description\" content=\"#Manualidades con piedras en #PiedraCreativa. Con este tipo de #DIY sacar\u00e1s partido a esta f\u00e1cil y original forma de pintar piedra y de decorar tu hogar.\" \/>\n<meta name=\"twitter:image\" content=\"https:\/\/piedracreativa.com\/blog\/wp-content\/uploads\/2016\/11\/blog-de-manualidades-piedracreativa.jpg\" \/>\n<meta name=\"twitter:site\" content=\"@PiedraCreativa\" \/>\n<meta name=\"twitter:label1\" content=\"Tiempo de lectura\" \/>\n\t<meta name=\"twitter:data1\" content=\"1 minuto\" \/>\n<script type=\"application\/ld+json\" class=\"yoast-schema-graph\">{\"@context\":\"https:\/\/schema.org\",\"@graph\":[{\"@type\":\"WebPage\",\"@id\":\"https:\/\/piedracreativa.com\/blog\/\",\"url\":\"https:\/\/piedracreativa.com\/blog\/\",\"name\":\"PiedraCreativa &#8226; Manualidades con piedras decorativas para tu hogar\",\"isPartOf\":{\"@id\":\"https:\/\/piedracreativa.com\/blog\/#website\"},\"primaryImageOfPage\":{\"@id\":\"https:\/\/piedracreativa.com\/blog\/#primaryimage\"},\"image\":{\"@id\":\"https:\/\/piedracreativa.com\/blog\/#primaryimage\"},\"thumbnailUrl\":\"https:\/\/piedracreativa.com\/blog\/wp-content\/uploads\/2017\/02\/libro-variado-newsletter-piedracreativa.png\",\"datePublished\":\"2016-11-25T19:53:43+00:00\",\"dateModified\":\"2018-03-02T20:18:06+00:00\",\"description\":\"Manualidades con piedras en PiedraCreativa. Con este tipo de DIY sacar\u00e1s partido a esta f\u00e1cil y original forma de pintar piedra y de decorar tu hogar.\",\"breadcrumb\":{\"@id\":\"https:\/\/piedracreativa.com\/blog\/#breadcrumb\"},\"inLanguage\":\"es\",\"potentialAction\":[{\"@type\":\"ReadAction\",\"target\":[\"https:\/\/piedracreativa.com\/blog\/\"]}]},{\"@type\":\"ImageObject\",\"inLanguage\":\"es\",\"@id\":\"https:\/\/piedracreativa.com\/blog\/#primaryimage\",\"url\":\"https:\/\/piedracreativa.com\/blog\/wp-content\/uploads\/2017\/02\/libro-variado-newsletter-piedracreativa.png\",\"contentUrl\":\"https:\/\/piedracreativa.com\/blog\/wp-content\/uploads\/2017\/02\/libro-variado-newsletter-piedracreativa.png\",\"width\":337,\"height\":512,\"caption\":\"Libro variado para newsletter en PiedraCreativa\"},{\"@type\":\"BreadcrumbList\",\"@id\":\"https:\/\/piedracreativa.com\/blog\/#breadcrumb\",\"itemListElement\":[{\"@type\":\"ListItem\",\"position\":1,\"name\":\"Home\",\"item\":\"https:\/\/piedracreativa.com\/blog\/\"},{\"@type\":\"ListItem\",\"position\":2,\"name\":\"Inicio\"}]},{\"@type\":\"WebSite\",\"@id\":\"https:\/\/piedracreativa.com\/blog\/#website\",\"url\":\"https:\/\/piedracreativa.com\/blog\/\",\"name\":\"PiedraCreativa\",\"description\":\"Manualidades y decoraci\u00f3n con piedras\",\"potentialAction\":[{\"@type\":\"SearchAction\",\"target\":{\"@type\":\"EntryPoint\",\"urlTemplate\":\"https:\/\/piedracreativa.com\/blog\/?s={search_term_string}\"},\"query-input\":{\"@type\":\"PropertyValueSpecification\",\"valueRequired\":true,\"valueName\":\"search_term_string\"}}],\"inLanguage\":\"es\"},false]}<\/script>\n<!-- \/ Yoast SEO plugin. -->","yoast_head_json":{"title":"PiedraCreativa &#8226; Manualidades con piedras decorativas para tu hogar","description":"Manualidades con piedras en PiedraCreativa. Con este tipo de DIY sacar\u00e1s partido a esta f\u00e1cil y original forma de pintar piedra y de decorar tu hogar.","robots":{"index":"index","follow":"follow","max-snippet":"max-snippet:-1","max-image-preview":"max-image-preview:large","max-video-preview":"max-video-preview:-1"},"canonical":"https:\/\/piedracreativa.com\/blog\/","og_locale":"es_ES","og_type":"article","og_title":"PiedraCreativa \u00b7 Manualidades con piedras decorativas para tu hogar","og_description":"#Manualidades con piedras en #PiedraCreativa. Con este tipo de #DIY sacar\u00e1s partido a esta f\u00e1cil y original forma de pintar piedra y de decorar tu hogar.","og_url":"https:\/\/piedracreativa.com\/blog\/","og_site_name":"PiedraCreativa","article_publisher":"https:\/\/www.facebook.com\/PiedraCreativa-586990834844016\/","article_modified_time":"2018-03-02T20:18:06+00:00","og_image":[{"width":1200,"height":630,"url":"https:\/\/piedracreativa.com\/blog\/wp-content\/uploads\/2016\/11\/blog-de-manualidades-piedracreativa.jpg","type":"image\/jpeg"}],"twitter_card":"summary_large_image","twitter_title":"PiedraCreativa \u00b7 Manualidades con piedras decorativas para tu hogar","twitter_description":"#Manualidades con piedras en #PiedraCreativa. Con este tipo de #DIY sacar\u00e1s partido a esta f\u00e1cil y original forma de pintar piedra y de decorar tu hogar.","twitter_image":"https:\/\/piedracreativa.com\/blog\/wp-content\/uploads\/2016\/11\/blog-de-manualidades-piedracreativa.jpg","twitter_site":"@PiedraCreativa","twitter_misc":{"Tiempo de lectura":"1 minuto"},"schema":{"@context":"https:\/\/schema.org","@graph":[{"@type":"WebPage","@id":"https:\/\/piedracreativa.com\/blog\/","url":"https:\/\/piedracreativa.com\/blog\/","name":"PiedraCreativa &#8226; Manualidades con piedras decorativas para tu hogar","isPartOf":{"@id":"https:\/\/piedracreativa.com\/blog\/#website"},"primaryImageOfPage":{"@id":"https:\/\/piedracreativa.com\/blog\/#primaryimage"},"image":{"@id":"https:\/\/piedracreativa.com\/blog\/#primaryimage"},"thumbnailUrl":"https:\/\/piedracreativa.com\/blog\/wp-content\/uploads\/2017\/02\/libro-variado-newsletter-piedracreativa.png","datePublished":"2016-11-25T19:53:43+00:00","dateModified":"2018-03-02T20:18:06+00:00","description":"Manualidades con piedras en PiedraCreativa. Con este tipo de DIY sacar\u00e1s partido a esta f\u00e1cil y original forma de pintar piedra y de decorar tu hogar.","breadcrumb":{"@id":"https:\/\/piedracreativa.com\/blog\/#breadcrumb"},"inLanguage":"es","potentialAction":[{"@type":"ReadAction","target":["https:\/\/piedracreativa.com\/blog\/"]}]},{"@type":"ImageObject","inLanguage":"es","@id":"https:\/\/piedracreativa.com\/blog\/#primaryimage","url":"https:\/\/piedracreativa.com\/blog\/wp-content\/uploads\/2017\/02\/libro-variado-newsletter-piedracreativa.png","contentUrl":"https:\/\/piedracreativa.com\/blog\/wp-content\/uploads\/2017\/02\/libro-variado-newsletter-piedracreativa.png","width":337,"height":512,"caption":"Libro variado para newsletter en PiedraCreativa"},{"@type":"BreadcrumbList","@id":"https:\/\/piedracreativa.com\/blog\/#breadcrumb","itemListElement":[{"@type":"ListItem","position":1,"name":"Home","item":"https:\/\/piedracreativa.com\/blog\/"},{"@type":"ListItem","position":2,"name":"Inicio"}]},{"@type":"WebSite","@id":"https:\/\/piedracreativa.com\/blog\/#website","url":"https:\/\/piedracreativa.com\/blog\/","name":"PiedraCreativa","description":"Manualidades y decoraci\u00f3n con piedras","potentialAction":[{"@type":"SearchAction","target":{"@type":"EntryPoint","urlTemplate":"https:\/\/piedracreativa.com\/blog\/?s={search_term_string}"},"query-input":{"@type":"PropertyValueSpecification","valueRequired":true,"valueName":"search_term_string"}}],"inLanguage":"es"},false]}},"yasr_visitor_votes":{"stars_attributes":{"read_only":false,"span_bottom":false},"number_of_votes":13,"sum_votes":65},"_links":{"self":[{"href":"https:\/\/piedracreativa.com\/blog\/wp-json\/wp\/v2\/pages\/2316","targetHints":{"allow":["GET"]}}],"collection":[{"href":"https:\/\/piedracreativa.com\/blog\/wp-json\/wp\/v2\/pages"}],"about":[{"href":"https:\/\/piedracreativa.com\/blog\/wp-json\/wp\/v2\/types\/page"}],"author":[{"embeddable":true,"href":"https:\/\/piedracreativa.com\/blog\/wp-json\/wp\/v2\/users\/1"}],"replies":[{"embeddable":true,"href":"https:\/\/piedracreativa.com\/blog\/wp-json\/wp\/v2\/comments?post=2316"}],"version-history":[{"count":11,"href":"https:\/\/piedracreativa.com\/blog\/wp-json\/wp\/v2\/pages\/2316\/revisions"}],"predecessor-version":[{"id":4454,"href":"https:\/\/piedracreativa.com\/blog\/wp-json\/wp\/v2\/pages\/2316\/revisions\/4454"}],"wp:featuredmedia":[{"embeddable":true,"href":"https:\/\/piedracreativa.com\/blog\/wp-json\/wp\/v2\/media\/3267"}],"wp:attachment":[{"href":"https:\/\/piedracreativa.com\/blog\/wp-json\/wp\/v2\/media?parent=2316"}],"curies":[{"name":"wp","href":"https:\/\/api.w.org\/{rel}","templated":true}]}}