{"id":2443,"date":"2016-12-04T12:53:14","date_gmt":"2016-12-04T12:53:14","guid":{"rendered":"https:\/\/piedracreativa.com\/blog\/?page_id=2443"},"modified":"2017-10-09T22:49:09","modified_gmt":"2017-10-09T20:49:09","slug":"manualidades-creativas","status":"publish","type":"page","link":"https:\/\/piedracreativa.com\/blog\/manualidades-creativas\/","title":{"rendered":"Manualidades creativas"},"content":{"rendered":"<h2>Manualidades creativas<\/h2>\n<p>Aqu\u00ed puedes encontrar todos los art\u00edculos disponibles para hacer crecer\u00a0tu creatividad con estas manualidades creativas.<\/p>\n","protected":false},"excerpt":{"rendered":"<p>Manualidades creativas Aqu\u00ed puedes encontrar todos los art\u00edculos disponibles para hacer crecer\u00a0tu creatividad con estas manualidades creativas.<\/p>\n","protected":false},"author":1,"featured_media":3267,"parent":0,"menu_order":0,"comment_status":"closed","ping_status":"closed","template":"template-modules.php","meta":{"yasr_overall_rating":0,"yasr_post_is_review":"","yasr_auto_insert_disabled":"","yasr_review_type":"","footnotes":""},"class_list":["post-2443","page","type-page","status-publish","has-post-thumbnail"],"yoast_head":"<!-- This site is optimized with the Yoast SEO plugin v23.8 - https:\/\/yoast.com\/wordpress\/plugins\/seo\/ -->\n<title>Manualidades creativas &#8226; PiedraCreativa<\/title>\n<meta name=\"description\" content=\"Manualidades creativas relacionadas con este original tipo de DIY. Aqu\u00ed podr\u00e1s encontrar todos los art\u00edculos de nuestra web PiedraCreativa.\" \/>\n<meta name=\"robots\" content=\"index, follow, max-snippet:-1, max-image-preview:large, max-video-preview:-1\" \/>\n<link rel=\"canonical\" href=\"https:\/\/piedracreativa.com\/blog\/manualidades-creativas\/\" \/>\n<meta property=\"og:locale\" content=\"es_ES\" \/>\n<meta property=\"og:type\" content=\"article\" \/>\n<meta property=\"og:title\" content=\"Manualidades creativas &#8226; PiedraCreativa\" \/>\n<meta property=\"og:description\" content=\"Manualidades creativas relacionadas con este original tipo de DIY. Aqu\u00ed podr\u00e1s encontrar todos los art\u00edculos de nuestra web PiedraCreativa.\" \/>\n<meta property=\"og:url\" content=\"https:\/\/piedracreativa.com\/blog\/manualidades-creativas\/\" \/>\n<meta property=\"og:site_name\" content=\"PiedraCreativa\" \/>\n<meta property=\"article:publisher\" content=\"https:\/\/www.facebook.com\/PiedraCreativa-586990834844016\/\" \/>\n<meta property=\"article:modified_time\" content=\"2017-10-09T20:49:09+00:00\" \/>\n<meta property=\"og:image\" content=\"https:\/\/piedracreativa.com\/blog\/wp-content\/uploads\/2017\/02\/libro-variado-newsletter-piedracreativa.png\" \/>\n\t<meta property=\"og:image:width\" content=\"337\" \/>\n\t<meta property=\"og:image:height\" content=\"512\" \/>\n\t<meta property=\"og:image:type\" content=\"image\/png\" \/>\n<meta name=\"twitter:card\" content=\"summary_large_image\" \/>\n<meta name=\"twitter:site\" content=\"@PiedraCreativa\" \/>\n<script type=\"application\/ld+json\" class=\"yoast-schema-graph\">{\"@context\":\"https:\/\/schema.org\",\"@graph\":[{\"@type\":\"WebPage\",\"@id\":\"https:\/\/piedracreativa.com\/blog\/manualidades-creativas\/\",\"url\":\"https:\/\/piedracreativa.com\/blog\/manualidades-creativas\/\",\"name\":\"Manualidades creativas &#8226; PiedraCreativa\",\"isPartOf\":{\"@id\":\"https:\/\/piedracreativa.com\/blog\/#website\"},\"primaryImageOfPage\":{\"@id\":\"https:\/\/piedracreativa.com\/blog\/manualidades-creativas\/#primaryimage\"},\"image\":{\"@id\":\"https:\/\/piedracreativa.com\/blog\/manualidades-creativas\/#primaryimage\"},\"thumbnailUrl\":\"https:\/\/piedracreativa.com\/blog\/wp-content\/uploads\/2017\/02\/libro-variado-newsletter-piedracreativa.png\",\"datePublished\":\"2016-12-04T12:53:14+00:00\",\"dateModified\":\"2017-10-09T20:49:09+00:00\",\"description\":\"Manualidades creativas relacionadas con este original tipo de DIY. Aqu\u00ed podr\u00e1s encontrar todos los art\u00edculos de nuestra web PiedraCreativa.\",\"breadcrumb\":{\"@id\":\"https:\/\/piedracreativa.com\/blog\/manualidades-creativas\/#breadcrumb\"},\"inLanguage\":\"es\",\"potentialAction\":[{\"@type\":\"ReadAction\",\"target\":[\"https:\/\/piedracreativa.com\/blog\/manualidades-creativas\/\"]}]},{\"@type\":\"ImageObject\",\"inLanguage\":\"es\",\"@id\":\"https:\/\/piedracreativa.com\/blog\/manualidades-creativas\/#primaryimage\",\"url\":\"https:\/\/piedracreativa.com\/blog\/wp-content\/uploads\/2017\/02\/libro-variado-newsletter-piedracreativa.png\",\"contentUrl\":\"https:\/\/piedracreativa.com\/blog\/wp-content\/uploads\/2017\/02\/libro-variado-newsletter-piedracreativa.png\",\"width\":337,\"height\":512,\"caption\":\"Libro variado para newsletter en PiedraCreativa\"},{\"@type\":\"BreadcrumbList\",\"@id\":\"https:\/\/piedracreativa.com\/blog\/manualidades-creativas\/#breadcrumb\",\"itemListElement\":[{\"@type\":\"ListItem\",\"position\":1,\"name\":\"Home\",\"item\":\"https:\/\/piedracreativa.com\/blog\/\"},{\"@type\":\"ListItem\",\"position\":2,\"name\":\"Manualidades creativas\"}]},{\"@type\":\"WebSite\",\"@id\":\"https:\/\/piedracreativa.com\/blog\/#website\",\"url\":\"https:\/\/piedracreativa.com\/blog\/\",\"name\":\"PiedraCreativa\",\"description\":\"Manualidades y decoraci\u00f3n con piedras\",\"potentialAction\":[{\"@type\":\"SearchAction\",\"target\":{\"@type\":\"EntryPoint\",\"urlTemplate\":\"https:\/\/piedracreativa.com\/blog\/?s={search_term_string}\"},\"query-input\":{\"@type\":\"PropertyValueSpecification\",\"valueRequired\":true,\"valueName\":\"search_term_string\"}}],\"inLanguage\":\"es\"},false]}<\/script>\n<!-- \/ Yoast SEO plugin. -->","yoast_head_json":{"title":"Manualidades creativas &#8226; PiedraCreativa","description":"Manualidades creativas relacionadas con este original tipo de DIY. Aqu\u00ed podr\u00e1s encontrar todos los art\u00edculos de nuestra web PiedraCreativa.","robots":{"index":"index","follow":"follow","max-snippet":"max-snippet:-1","max-image-preview":"max-image-preview:large","max-video-preview":"max-video-preview:-1"},"canonical":"https:\/\/piedracreativa.com\/blog\/manualidades-creativas\/","og_locale":"es_ES","og_type":"article","og_title":"Manualidades creativas &#8226; PiedraCreativa","og_description":"Manualidades creativas relacionadas con este original tipo de DIY. Aqu\u00ed podr\u00e1s encontrar todos los art\u00edculos de nuestra web PiedraCreativa.","og_url":"https:\/\/piedracreativa.com\/blog\/manualidades-creativas\/","og_site_name":"PiedraCreativa","article_publisher":"https:\/\/www.facebook.com\/PiedraCreativa-586990834844016\/","article_modified_time":"2017-10-09T20:49:09+00:00","og_image":[{"width":337,"height":512,"url":"https:\/\/piedracreativa.com\/blog\/wp-content\/uploads\/2017\/02\/libro-variado-newsletter-piedracreativa.png","type":"image\/png"}],"twitter_card":"summary_large_image","twitter_site":"@PiedraCreativa","schema":{"@context":"https:\/\/schema.org","@graph":[{"@type":"WebPage","@id":"https:\/\/piedracreativa.com\/blog\/manualidades-creativas\/","url":"https:\/\/piedracreativa.com\/blog\/manualidades-creativas\/","name":"Manualidades creativas &#8226; PiedraCreativa","isPartOf":{"@id":"https:\/\/piedracreativa.com\/blog\/#website"},"primaryImageOfPage":{"@id":"https:\/\/piedracreativa.com\/blog\/manualidades-creativas\/#primaryimage"},"image":{"@id":"https:\/\/piedracreativa.com\/blog\/manualidades-creativas\/#primaryimage"},"thumbnailUrl":"https:\/\/piedracreativa.com\/blog\/wp-content\/uploads\/2017\/02\/libro-variado-newsletter-piedracreativa.png","datePublished":"2016-12-04T12:53:14+00:00","dateModified":"2017-10-09T20:49:09+00:00","description":"Manualidades creativas relacionadas con este original tipo de DIY. Aqu\u00ed podr\u00e1s encontrar todos los art\u00edculos de nuestra web PiedraCreativa.","breadcrumb":{"@id":"https:\/\/piedracreativa.com\/blog\/manualidades-creativas\/#breadcrumb"},"inLanguage":"es","potentialAction":[{"@type":"ReadAction","target":["https:\/\/piedracreativa.com\/blog\/manualidades-creativas\/"]}]},{"@type":"ImageObject","inLanguage":"es","@id":"https:\/\/piedracreativa.com\/blog\/manualidades-creativas\/#primaryimage","url":"https:\/\/piedracreativa.com\/blog\/wp-content\/uploads\/2017\/02\/libro-variado-newsletter-piedracreativa.png","contentUrl":"https:\/\/piedracreativa.com\/blog\/wp-content\/uploads\/2017\/02\/libro-variado-newsletter-piedracreativa.png","width":337,"height":512,"caption":"Libro variado para newsletter en PiedraCreativa"},{"@type":"BreadcrumbList","@id":"https:\/\/piedracreativa.com\/blog\/manualidades-creativas\/#breadcrumb","itemListElement":[{"@type":"ListItem","position":1,"name":"Home","item":"https:\/\/piedracreativa.com\/blog\/"},{"@type":"ListItem","position":2,"name":"Manualidades creativas"}]},{"@type":"WebSite","@id":"https:\/\/piedracreativa.com\/blog\/#website","url":"https:\/\/piedracreativa.com\/blog\/","name":"PiedraCreativa","description":"Manualidades y decoraci\u00f3n con piedras","potentialAction":[{"@type":"SearchAction","target":{"@type":"EntryPoint","urlTemplate":"https:\/\/piedracreativa.com\/blog\/?s={search_term_string}"},"query-input":{"@type":"PropertyValueSpecification","valueRequired":true,"valueName":"search_term_string"}}],"inLanguage":"es"},false]}},"yasr_visitor_votes":{"stars_attributes":{"read_only":false,"span_bottom":false},"number_of_votes":0,"sum_votes":0},"_links":{"self":[{"href":"https:\/\/piedracreativa.com\/blog\/wp-json\/wp\/v2\/pages\/2443","targetHints":{"allow":["GET"]}}],"collection":[{"href":"https:\/\/piedracreativa.com\/blog\/wp-json\/wp\/v2\/pages"}],"about":[{"href":"https:\/\/piedracreativa.com\/blog\/wp-json\/wp\/v2\/types\/page"}],"author":[{"embeddable":true,"href":"https:\/\/piedracreativa.com\/blog\/wp-json\/wp\/v2\/users\/1"}],"replies":[{"embeddable":true,"href":"https:\/\/piedracreativa.com\/blog\/wp-json\/wp\/v2\/comments?post=2443"}],"version-history":[{"count":5,"href":"https:\/\/piedracreativa.com\/blog\/wp-json\/wp\/v2\/pages\/2443\/revisions"}],"predecessor-version":[{"id":4074,"href":"https:\/\/piedracreativa.com\/blog\/wp-json\/wp\/v2\/pages\/2443\/revisions\/4074"}],"wp:featuredmedia":[{"embeddable":true,"href":"https:\/\/piedracreativa.com\/blog\/wp-json\/wp\/v2\/media\/3267"}],"wp:attachment":[{"href":"https:\/\/piedracreativa.com\/blog\/wp-json\/wp\/v2\/media?parent=2443"}],"curies":[{"name":"wp","href":"https:\/\/api.w.org\/{rel}","templated":true}]}}