{"id":2910,"date":"2017-01-24T22:27:13","date_gmt":"2017-01-24T21:27:13","guid":{"rendered":"https:\/\/piedracreativa.com\/blog\/?page_id=2910"},"modified":"2017-12-13T14:04:50","modified_gmt":"2017-12-13T13:04:50","slug":"politica-de-privacidad","status":"publish","type":"page","link":"https:\/\/piedracreativa.com\/blog\/politica-de-privacidad\/","title":{"rendered":"Pol\u00edtica de privacidad"},"content":{"rendered":"<p>El titular del sitio web (Antonio Espejo) cumple \u00edntegramente con las disposiciones de la normativa de protecci\u00f3n de datos y ha adoptado las medidas de \u00edndole t\u00e9cnicas y organizativas necesarias para la adecuaci\u00f3n de su actividad a la Ley Org\u00e1nica 15\/1999, de 13 de diciembre, de Protecci\u00f3n de Datos de Car\u00e1cter Personal (LOPD), as\u00ed como a lo previsto en el RD 1720\/2007, de 21 de diciembre, por el que se aprueba el Reglamento de desarrollo de la Ley Org\u00e1nica de Protecci\u00f3n de Datos (RLOPD).<\/p>\n<p>Los datos de car\u00e1cter personal recabados a trav\u00e9s del presente sitio web ser\u00e1n tratados en todo momento de acuerdo con la normativa en materia de protecci\u00f3n de datos, garantizando la confidencialidad e integridad de la informaci\u00f3n, habida cuenta del estado de la tecnolog\u00eda, la naturaleza de los datos almacenados y los riesgos a que est\u00e9n expuestos. El sitio web proporcionar\u00e1 a los Usuarios los recursos t\u00e9cnicos adecuados para que, con car\u00e1cter previo al env\u00edo de sus datos personales, puedan acceder a esta Pol\u00edtica de Privacidad y a cualquier otra informaci\u00f3n relevante en materia de Protecci\u00f3n de Datos de Car\u00e1cter Personal.<\/p>\n<h3>FINALIDADES DEL TRATAMIENTO DE DATOS PERSONALES EN EL PRESENTE SITIO WEB<\/h3>\n<p>A continuaci\u00f3n se describen los distintos apartados en los que se recaban y tratan datos de car\u00e1cter personal, para ofrecerle informaci\u00f3n sobre la finalidad de la recogida de datos personales en cada caso:<\/p>\n<ul>\n<li><strong>Apartado Contacto<\/strong>: Los datos de car\u00e1cter personal que nos facilite a trav\u00e9s del presente formulario se utilizar\u00e1n con la \u00fanica finalidad de atender la consulta o petici\u00f3n que nos realice.<\/li>\n<li><strong>Newsletter: <\/strong>Los datos de car\u00e1cter personal facilitados a trav\u00e9s de este apartado, se utilizar\u00e1n para enviarle comunicaciones informativas sobre productos, actividades y noticias relacionados con la tem\u00e1tica del sitio web.<\/li>\n<li><strong>Comentarios: <\/strong>Los datos de car\u00e1cter personal que el usuario facilite para realizar comentarios en la p\u00e1gina se utilizar\u00e1n exclusivamente para gestionar la publicaci\u00f3n de dichos comentarios. PiedraCreativa podr\u00e1 eliminar comentarios que puedan vulnerar derechos de terceros.<\/li>\n<li><strong>Publicaci\u00f3n de art\u00edculos<\/strong>: Los datos de car\u00e1cter personal recabados se tratar\u00e1n para gestionar el proceso de publicaci\u00f3n de art\u00edculos en el sitio web de Piedra Creativa. Los Usuarios que publiquen art\u00edculos deber\u00e1n respetar los siguientes t\u00e9rminos y condiciones:\n<ul>\n<li style=\"list-style-type: none;\"><\/li>\n<li><u>Propiedad intelectual<\/u>: el Usuario deber\u00e1 asegurarse de que los contenidos que publica son de su propia creaci\u00f3n, o en su defecto, cuenta con las autorizaciones pertinentes para la publicaci\u00f3n de los mismos en el presente sitio web. En el caso de que Piedra Creativa tenga conocimiento efectivo de que se est\u00e1n utilizando contenidos de terceros si su consentimiento, se reserva el derecho de retirar dichos contenidos, y en su caso, poner los hechos en conocimiento de las autoridades competentes.<\/li>\n<li><u>Contenido y tem\u00e1tica<\/u>: El Usuario publicar\u00e1 contenidos que sean l\u00edcitos y relacionados con la tem\u00e1tica del presente sitio web. No se incluir\u00e1n comentarios ofensivos, xen\u00f3fobos, difamatorios, discriminatorios o, en definitiva, contenidos que atenten contra derechos leg\u00edtimos de terceros. Piedra Creativa se reserva el derecho de retirar aquellos contenidos que pudieran ser constitutivos de un il\u00edcito, y en los casos que as\u00ed lo requieran, pondr\u00e1 los hechos en conocimiento de las autoridades competentes.<\/li>\n<li><u>Contenidos patrocinados<\/u>: El Usuario debe incluir contenidos de inter\u00e9s y car\u00e1cter divulgativo relacionados con la tem\u00e1tica de Piedra Creativa. Piedra Creativa autoriza que el Usuario facilite de manera accesoria informaci\u00f3n de car\u00e1cter comercial (punto de venta de un determinado producto, ferias o eventos relacionados con la materia, etc.), siempre que ello est\u00e9 justificado y en el contexto de un art\u00edculo de informaci\u00f3n. No obstante, no se admiten los contenidos patrocinados o con un fin exclusivamente \u00a0comercial y publicitario. Piedra Creativa se reserva el derecho de retirada de aquellos art\u00edculos que no cumplan con la l\u00ednea editorial marcada por el sitio web.<\/li>\n<li><u>Redes sociales<\/u>: Al final de cada art\u00edculo, pueden incluirse distintos plugins de redes sociales para que los Usuarios compartan contenidos en sus propios espacios. Asimismo, Piedra Creativa se reserva el derecho de compartir en sus redes sociales los art\u00edculos publicados en el sitio web, manteniendo \u00edntegro los contenidos \u00a0y la referencia al autor o autora de los textos o im\u00e1genes que se hayan incluido. En el caso de que el Usuario no autorice la difusi\u00f3n de sus contenidos, debe abstenerse de publicar en el sitio web de Piedra Creativa.<\/li>\n<li><u>Revocaci\u00f3n del consentimiento para la publicaci\u00f3n<\/u>: En el caso de que el Usuario solicite la retirada de sus contenidos publicados en el sitio web, Piedra Creativa proceder\u00e1 a dar de baja los art\u00edculos de nuestra p\u00e1gina web, pero no controla ni monitoriza la difusi\u00f3n que los contenidos hayan podido tener hasta la fecha de la retirada del consentimiento, por lo que no asume la responsabilidad de retirada de contenidos difundidos\u00a0 por terceros en redes sociales.<\/li>\n<\/ul>\n<\/li>\n<\/ul>\n<h3>VERACIDAD Y EXACTITUD DE LA INFORMACI\u00d3N APORTADA<\/h3>\n<p>Toda la informaci\u00f3n que facilite el Usuario deber\u00e1 ser veraz y exacta. A estos efectos, el Usuario garantiza la autenticidad de todos aquellos datos que comuniquen como consecuencia de la cumplimentaci\u00f3n de los formularios correspondientes. De igual forma, ser\u00e1 responsabilidad del Usuario mantener toda la informaci\u00f3n facilitada a PiedraCreativa actualizada, de forma que responda, en cada momento, a la situaci\u00f3n real del Usuario. En todo caso, el Usuario ser\u00e1 el \u00fanico responsable de las manifestaciones falsas o inexactas que realice, y de los perjuicios que cause a PiedraCreativa, o a terceros, por la informaci\u00f3n que facilite.<\/p>\n<h3>MEDIDAS DE SEGURIDAD<\/h3>\n<p>PiedraCreativa ha adoptado las medidas de \u00edndole t\u00e9cnica y organizativa que garantizan la seguridad de los datos de car\u00e1cter personal y evitan su alteraci\u00f3n, p\u00e9rdida, tratamiento o acceso no autorizado, habida cuenta del estado de la tecnolog\u00eda, la naturaleza de los datos almacenados y los riesgos a que est\u00e9n expuestos, todo ello de conformidad con lo establecido en el Real Decreto 1720\/2007, de 21 de diciembre, por el que se aprueba el Reglamento de desarrollo de la Ley Org\u00e1nica de Protecci\u00f3n de Datos de Car\u00e1cter Personal.<\/p>\n<p>PiedraCreativa lleva a cabo todos los esfuerzos necesarios para garantizar la disponibilidad y continuidad del sitio web as\u00ed como de los servicios vinculados al mismo. No obstante, PiedraCreativa no puede garantizar que funcionen correctamente en todo momento, que el Usuario pueda acceder a ellos y utilizarlos de forma r\u00e1pida, ininterrumpida y libre de errores. PiedraCreativa actuar\u00e1 diligentemente seg\u00fan los usos generales aceptados en el sector para evitar la presencia de virus u otros elementos lesivos que pudieran causar alteraciones en el sistema inform\u00e1tico del Usuario, en sus documentos electr\u00f3nicos o en sus ficheros, pero no puede garantizar la ausencia de tales elementos, no siendo responsable por los da\u00f1os y perjuicios que ello pudiera ocasionar.<\/p>\n<h3>EJERCICIO DE DERECHOS<\/h3>\n<p>Seg\u00fan lo previsto en los art\u00edculos 15 y siguientes de la LOPD, el interesado podr\u00e1 ejercer sus derechos de acceso, cancelaci\u00f3n, oposici\u00f3n y\/o rectificaci\u00f3n, enviando un e-mail a <a href=\"mailto:info@piedracreativa.com\">info@piedracreativa.com<\/a> o mediante carta dirigida a la siguiente direcci\u00f3n: Calle Moreno n\u00ba 9 &#8211; 1 \u00a0Loja (Granada).<\/p>\n<h3><strong>MODIFICACI\u00d3N DE LA POL\u00cdTICA DE PRIVACIDAD<\/strong><\/h3>\n<p>PiedraCreativa se reserva el derecho de modificar su pol\u00edtica de protecci\u00f3n de datos de acuerdo con su criterio, o a causa de un cambio legislativo, jurisprudencial o en la pr\u00e1ctica empresarial. Si PiedraCreativa introduce alguna modificaci\u00f3n, el nuevo texto ser\u00e1 publicado en esta misma p\u00e1gina, donde el usuario podr\u00e1 tener conocimiento de la pol\u00edtica de protecci\u00f3n de datos. En cualquier caso, la relaci\u00f3n con los usuarios se regir\u00e1 por las normas previstas en el momento preciso en el que se accede al sitio web.<\/p>\n<p>&nbsp;<\/p>\n<p>Fecha de la \u00faltima actualizaci\u00f3n:\u00a007\/12\/2017<\/p>\n<p style=\"text-align: center;\"><a class=\"mks_button mks_button_medium squared\" href=\"\/blog\" target=\"_self\" style=\"color: #FFFFFF; background-color: #DC329C;\" >Volver a la p\u00e1gina principal<\/a>\n","protected":false},"excerpt":{"rendered":"<p>El titular del sitio web (Antonio Espejo) cumple \u00edntegramente con las disposiciones de la normativa de protecci\u00f3n de datos y ha adoptado las medidas de \u00edndole t\u00e9cnicas y organizativas necesarias para la adecuaci\u00f3n de su actividad a la Ley Org\u00e1nica 15\/1999, de 13 de diciembre, de Protecci\u00f3n de Datos de Car\u00e1cter Personal (LOPD), as\u00ed como [&hellip;]<\/p>\n","protected":false},"author":1,"featured_media":3267,"parent":0,"menu_order":0,"comment_status":"closed","ping_status":"closed","template":"template-full-width.php","meta":{"yasr_overall_rating":0,"yasr_post_is_review":"","yasr_auto_insert_disabled":"","yasr_review_type":"","footnotes":""},"class_list":["post-2910","page","type-page","status-publish","has-post-thumbnail"],"yoast_head":"<!-- This site is optimized with the Yoast SEO plugin v23.8 - https:\/\/yoast.com\/wordpress\/plugins\/seo\/ -->\n<title>Pol\u00edtica de privacidad &#8226; PiedraCreativa<\/title>\n<meta name=\"description\" content=\"Los datos de car\u00e1cter personal recabados a trav\u00e9s del sitio web ser\u00e1n tratados en todo momento de acuerdo con la normativa en materia de protecci\u00f3n de datos\" \/>\n<meta name=\"robots\" content=\"noindex, follow\" \/>\n<meta property=\"og:locale\" content=\"es_ES\" \/>\n<meta property=\"og:type\" content=\"article\" \/>\n<meta property=\"og:title\" content=\"Pol\u00edtica de privacidad &#8226; PiedraCreativa\" \/>\n<meta property=\"og:description\" content=\"Los datos de car\u00e1cter personal recabados a trav\u00e9s del sitio web ser\u00e1n tratados en todo momento de acuerdo con la normativa en materia de protecci\u00f3n de datos\" \/>\n<meta property=\"og:url\" content=\"https:\/\/piedracreativa.com\/blog\/politica-de-privacidad\/\" \/>\n<meta property=\"og:site_name\" content=\"PiedraCreativa\" \/>\n<meta property=\"article:publisher\" content=\"https:\/\/www.facebook.com\/PiedraCreativa-586990834844016\/\" \/>\n<meta property=\"article:modified_time\" content=\"2017-12-13T13:04:50+00:00\" \/>\n<meta property=\"og:image\" content=\"https:\/\/piedracreativa.com\/blog\/wp-content\/uploads\/2017\/02\/libro-variado-newsletter-piedracreativa.png\" \/>\n\t<meta property=\"og:image:width\" content=\"337\" \/>\n\t<meta property=\"og:image:height\" content=\"512\" \/>\n\t<meta property=\"og:image:type\" content=\"image\/png\" \/>\n<meta name=\"twitter:card\" content=\"summary_large_image\" \/>\n<meta name=\"twitter:site\" content=\"@PiedraCreativa\" \/>\n<meta name=\"twitter:label1\" content=\"Tiempo de lectura\" \/>\n\t<meta name=\"twitter:data1\" content=\"7 minutos\" \/>\n<script type=\"application\/ld+json\" class=\"yoast-schema-graph\">{\"@context\":\"https:\/\/schema.org\",\"@graph\":[{\"@type\":\"WebPage\",\"@id\":\"https:\/\/piedracreativa.com\/blog\/politica-de-privacidad\/\",\"url\":\"https:\/\/piedracreativa.com\/blog\/politica-de-privacidad\/\",\"name\":\"Pol\u00edtica de privacidad &#8226; PiedraCreativa\",\"isPartOf\":{\"@id\":\"https:\/\/piedracreativa.com\/blog\/#website\"},\"primaryImageOfPage\":{\"@id\":\"https:\/\/piedracreativa.com\/blog\/politica-de-privacidad\/#primaryimage\"},\"image\":{\"@id\":\"https:\/\/piedracreativa.com\/blog\/politica-de-privacidad\/#primaryimage\"},\"thumbnailUrl\":\"https:\/\/piedracreativa.com\/blog\/wp-content\/uploads\/2017\/02\/libro-variado-newsletter-piedracreativa.png\",\"datePublished\":\"2017-01-24T21:27:13+00:00\",\"dateModified\":\"2017-12-13T13:04:50+00:00\",\"description\":\"Los datos de car\u00e1cter personal recabados a trav\u00e9s del sitio web ser\u00e1n tratados en todo momento de acuerdo con la normativa en materia de protecci\u00f3n de datos\",\"breadcrumb\":{\"@id\":\"https:\/\/piedracreativa.com\/blog\/politica-de-privacidad\/#breadcrumb\"},\"inLanguage\":\"es\",\"potentialAction\":[{\"@type\":\"ReadAction\",\"target\":[\"https:\/\/piedracreativa.com\/blog\/politica-de-privacidad\/\"]}]},{\"@type\":\"ImageObject\",\"inLanguage\":\"es\",\"@id\":\"https:\/\/piedracreativa.com\/blog\/politica-de-privacidad\/#primaryimage\",\"url\":\"https:\/\/piedracreativa.com\/blog\/wp-content\/uploads\/2017\/02\/libro-variado-newsletter-piedracreativa.png\",\"contentUrl\":\"https:\/\/piedracreativa.com\/blog\/wp-content\/uploads\/2017\/02\/libro-variado-newsletter-piedracreativa.png\",\"width\":337,\"height\":512,\"caption\":\"Libro variado para newsletter en PiedraCreativa\"},{\"@type\":\"BreadcrumbList\",\"@id\":\"https:\/\/piedracreativa.com\/blog\/politica-de-privacidad\/#breadcrumb\",\"itemListElement\":[{\"@type\":\"ListItem\",\"position\":1,\"name\":\"Home\",\"item\":\"https:\/\/piedracreativa.com\/blog\/\"},{\"@type\":\"ListItem\",\"position\":2,\"name\":\"Pol\u00edtica de Privacidad\"}]},{\"@type\":\"WebSite\",\"@id\":\"https:\/\/piedracreativa.com\/blog\/#website\",\"url\":\"https:\/\/piedracreativa.com\/blog\/\",\"name\":\"PiedraCreativa\",\"description\":\"Manualidades y decoraci\u00f3n con piedras\",\"potentialAction\":[{\"@type\":\"SearchAction\",\"target\":{\"@type\":\"EntryPoint\",\"urlTemplate\":\"https:\/\/piedracreativa.com\/blog\/?s={search_term_string}\"},\"query-input\":{\"@type\":\"PropertyValueSpecification\",\"valueRequired\":true,\"valueName\":\"search_term_string\"}}],\"inLanguage\":\"es\"},false]}<\/script>\n<!-- \/ Yoast SEO plugin. -->","yoast_head_json":{"title":"Pol\u00edtica de privacidad &#8226; PiedraCreativa","description":"Los datos de car\u00e1cter personal recabados a trav\u00e9s del sitio web ser\u00e1n tratados en todo momento de acuerdo con la normativa en materia de protecci\u00f3n de datos","robots":{"index":"noindex","follow":"follow"},"og_locale":"es_ES","og_type":"article","og_title":"Pol\u00edtica de privacidad &#8226; PiedraCreativa","og_description":"Los datos de car\u00e1cter personal recabados a trav\u00e9s del sitio web ser\u00e1n tratados en todo momento de acuerdo con la normativa en materia de protecci\u00f3n de datos","og_url":"https:\/\/piedracreativa.com\/blog\/politica-de-privacidad\/","og_site_name":"PiedraCreativa","article_publisher":"https:\/\/www.facebook.com\/PiedraCreativa-586990834844016\/","article_modified_time":"2017-12-13T13:04:50+00:00","og_image":[{"width":337,"height":512,"url":"https:\/\/piedracreativa.com\/blog\/wp-content\/uploads\/2017\/02\/libro-variado-newsletter-piedracreativa.png","type":"image\/png"}],"twitter_card":"summary_large_image","twitter_site":"@PiedraCreativa","twitter_misc":{"Tiempo de lectura":"7 minutos"},"schema":{"@context":"https:\/\/schema.org","@graph":[{"@type":"WebPage","@id":"https:\/\/piedracreativa.com\/blog\/politica-de-privacidad\/","url":"https:\/\/piedracreativa.com\/blog\/politica-de-privacidad\/","name":"Pol\u00edtica de privacidad &#8226; PiedraCreativa","isPartOf":{"@id":"https:\/\/piedracreativa.com\/blog\/#website"},"primaryImageOfPage":{"@id":"https:\/\/piedracreativa.com\/blog\/politica-de-privacidad\/#primaryimage"},"image":{"@id":"https:\/\/piedracreativa.com\/blog\/politica-de-privacidad\/#primaryimage"},"thumbnailUrl":"https:\/\/piedracreativa.com\/blog\/wp-content\/uploads\/2017\/02\/libro-variado-newsletter-piedracreativa.png","datePublished":"2017-01-24T21:27:13+00:00","dateModified":"2017-12-13T13:04:50+00:00","description":"Los datos de car\u00e1cter personal recabados a trav\u00e9s del sitio web ser\u00e1n tratados en todo momento de acuerdo con la normativa en materia de protecci\u00f3n de datos","breadcrumb":{"@id":"https:\/\/piedracreativa.com\/blog\/politica-de-privacidad\/#breadcrumb"},"inLanguage":"es","potentialAction":[{"@type":"ReadAction","target":["https:\/\/piedracreativa.com\/blog\/politica-de-privacidad\/"]}]},{"@type":"ImageObject","inLanguage":"es","@id":"https:\/\/piedracreativa.com\/blog\/politica-de-privacidad\/#primaryimage","url":"https:\/\/piedracreativa.com\/blog\/wp-content\/uploads\/2017\/02\/libro-variado-newsletter-piedracreativa.png","contentUrl":"https:\/\/piedracreativa.com\/blog\/wp-content\/uploads\/2017\/02\/libro-variado-newsletter-piedracreativa.png","width":337,"height":512,"caption":"Libro variado para newsletter en PiedraCreativa"},{"@type":"BreadcrumbList","@id":"https:\/\/piedracreativa.com\/blog\/politica-de-privacidad\/#breadcrumb","itemListElement":[{"@type":"ListItem","position":1,"name":"Home","item":"https:\/\/piedracreativa.com\/blog\/"},{"@type":"ListItem","position":2,"name":"Pol\u00edtica de Privacidad"}]},{"@type":"WebSite","@id":"https:\/\/piedracreativa.com\/blog\/#website","url":"https:\/\/piedracreativa.com\/blog\/","name":"PiedraCreativa","description":"Manualidades y decoraci\u00f3n con piedras","potentialAction":[{"@type":"SearchAction","target":{"@type":"EntryPoint","urlTemplate":"https:\/\/piedracreativa.com\/blog\/?s={search_term_string}"},"query-input":{"@type":"PropertyValueSpecification","valueRequired":true,"valueName":"search_term_string"}}],"inLanguage":"es"},false]}},"yasr_visitor_votes":{"stars_attributes":{"read_only":false,"span_bottom":false},"number_of_votes":0,"sum_votes":0},"_links":{"self":[{"href":"https:\/\/piedracreativa.com\/blog\/wp-json\/wp\/v2\/pages\/2910","targetHints":{"allow":["GET"]}}],"collection":[{"href":"https:\/\/piedracreativa.com\/blog\/wp-json\/wp\/v2\/pages"}],"about":[{"href":"https:\/\/piedracreativa.com\/blog\/wp-json\/wp\/v2\/types\/page"}],"author":[{"embeddable":true,"href":"https:\/\/piedracreativa.com\/blog\/wp-json\/wp\/v2\/users\/1"}],"replies":[{"embeddable":true,"href":"https:\/\/piedracreativa.com\/blog\/wp-json\/wp\/v2\/comments?post=2910"}],"version-history":[{"count":9,"href":"https:\/\/piedracreativa.com\/blog\/wp-json\/wp\/v2\/pages\/2910\/revisions"}],"predecessor-version":[{"id":2932,"href":"https:\/\/piedracreativa.com\/blog\/wp-json\/wp\/v2\/pages\/2910\/revisions\/2932"}],"wp:featuredmedia":[{"embeddable":true,"href":"https:\/\/piedracreativa.com\/blog\/wp-json\/wp\/v2\/media\/3267"}],"wp:attachment":[{"href":"https:\/\/piedracreativa.com\/blog\/wp-json\/wp\/v2\/media?parent=2910"}],"curies":[{"name":"wp","href":"https:\/\/api.w.org\/{rel}","templated":true}]}}