{"id":2915,"date":"2017-01-24T22:40:00","date_gmt":"2017-01-24T21:40:00","guid":{"rendered":"https:\/\/piedracreativa.com\/blog\/?page_id=2915"},"modified":"2024-11-24T17:45:20","modified_gmt":"2024-11-24T16:45:20","slug":"aviso-legal","status":"publish","type":"page","link":"https:\/\/piedracreativa.com\/blog\/aviso-legal\/","title":{"rendered":"Aviso legal"},"content":{"rendered":"<h3>TITULARIDAD DEL SITIO WEB<\/h3>\n<p>Para dar cumplimiento a lo establecido en la Ley 34\/2002 de 11 de julio, de Servicios de la Sociedad de la Informaci\u00f3n y de Comercio Electr\u00f3nico (LSSICE), se informa a los usuarios que la titularidad del sitio web <a href=\"https:\/\/piedracreativa.com\" target=\"_blank\" rel=\"noopener noreferrer\">www.piedracreativa.com<\/a> pertenece a Antonio Javier Espejo \u00c9cija, con NIF 74665628S y domicilio en Calle Moreno n\u00ba 9 &#8211; 1 \u00a0Loja (Granada). Puede contactar con el administrador del sitio web en el siguiente e-mail: <a href=\"mailto:info@piedracreativa.com\">info@piedracreativa.com<\/a><\/p>\n<h3>OBJETO<\/h3>\n<p>El presente sitio web se pone a disposici\u00f3n de los usuarios con fines informativos e ilustrativos en relaci\u00f3n con el mundo de las creatividades realizadas sobre piedra.<\/p>\n<h3>DERECHOS DE PROPIEDAD INTELECTUAL Y PROPIEDAD INDUSTRIAL<\/h3>\n<p>Tanto el dise\u00f1o del sitio web y su c\u00f3digo fuente, como los logos, marcas, dibujos, modelos y dem\u00e1s signos distintivos que aparecen en el mismo, pertenecen al titular del sitio web o entidades colaboradoras y est\u00e1n protegidos por los correspondientes derechos de propiedad intelectual e industrial. Los contenidos del sitio web est\u00e1n igualmente protegidos por derechos de propiedad intelectual del titular del sitio web o de terceros. Su uso, reproducci\u00f3n, distribuci\u00f3n, comunicaci\u00f3n p\u00fablica, puesta a disposici\u00f3n, transformaci\u00f3n o cualquier otra actividad similar o an\u00e1loga queda totalmente prohibida, salvo que medie expresa autorizaci\u00f3n del titular del sitio web o que dicho uso se produzca estrictamente en los t\u00e9rminos derivados de la contrataci\u00f3n de los servicios ofrecidos a trav\u00e9s del Portal.<\/p>\n<h3>V\u00cdNCULOS A SITIOS WEB DE TERCEROS<\/h3>\n<p>En el caso de que el presente sitio web incluya v\u00ednculos a sitios web de terceros, el usuario pasar\u00e1 a estar regido por los T\u00e9rminos de Uso y Pol\u00edtica de Privacidad del nuevo sitio web, aceptando que el titular del sitio web no ser\u00e1 responsable ni tendr\u00e1 obligaci\u00f3n legal por el uso de tales sitios. No obstante en el caso de que tuviera conocimiento efectivo sobre la ilicitud de contenidos incluidos en dichos v\u00ednculos a sitios web de terceros, PiedraCreativa eliminar\u00e1 de forma inmediata los enlaces y comunicar\u00e1 esta circunstancia a las autoridades.<\/p>\n<h3>PRIVACIDAD Y PROTECCI\u00d3N DE DATOS DE CAR\u00c1CTER PERSONAL<\/h3>\n<p>El sitio web <a href=\"https:\/\/piedracreativa.com\" target=\"_blank\" rel=\"noopener noreferrer\">www.piedracreativa.com<\/a> cumple las previsiones de la Ley Org\u00e1nica 15\/1999, de 13 de diciembre, de Protecci\u00f3n de Datos de Car\u00e1cter Personal (LOPD), as\u00ed como con lo previsto en el RD 1720\/2007, de 21 de diciembre, por el que se aprueba el reglamento de desarrollo de la Ley Org\u00e1nica de Protecci\u00f3n de Datos (RLOPD). Para obtener m\u00e1s informaci\u00f3n sobre el tratamiento de datos personales que se recaban en el sitio web, el usuario puede consultar nuestra Pol\u00edtica de Privacidad.<\/p>\n<h3>USO DE COOKIES<\/h3>\n<p>Una cookie es un fichero que se descarga en su ordenador al acceder a determinadas p\u00e1ginas web. Las cookies permiten a una p\u00e1gina web, entre otras cosas, almacenar y recuperar informaci\u00f3n sobre los h\u00e1bitos de navegaci\u00f3n de un usuario o de su equipo y, dependiendo de la informaci\u00f3n que contengan y de la forma en que utilice su equipo, pueden utilizarse para reconocer al usuario. Para obtener m\u00e1s informaci\u00f3n sobre las cookies no necesarias para la navegaci\u00f3n que se utilizan en el presente sitio web, el usuario puede consultar nuestro apartado Pol\u00edtica de Cookies.<\/p>\n<h3>MODIFICACIONES DE LOS T\u00c9RMINOS DE USO<\/h3>\n<p>PiedraCreativa se reserva el derecho de modificar su pol\u00edtica de protecci\u00f3n de datos de acuerdo con su criterio, o a causa de un cambio legislativo, jurisprudencial o en la pr\u00e1ctica empresarial. Si PiedraCreativa introduce alguna modificaci\u00f3n, el nuevo texto ser\u00e1 publicado en esta misma p\u00e1gina, donde el usuario podr\u00e1 tener conocimiento de las modificaciones. En cualquier caso, la relaci\u00f3n con los usuarios se regir\u00e1 por las normas previstas en el momento preciso en el que se accede al sitio web.<\/p>\n<p>&nbsp;<\/p>\n<p>Fecha de la \u00faltima actualizaci\u00f3n: 25\/01\/2017<\/p>\n<p style=\"text-align: center;\"><a class=\"mks_button mks_button_medium squared\" href=\"\/blog\" target=\"_self\" style=\"color: #FFFFFF; background-color: #DC329C;\" >Volver a la p\u00e1gina principal<\/a>\n","protected":false},"excerpt":{"rendered":"<p>TITULARIDAD DEL SITIO WEB Para dar cumplimiento a lo establecido en la Ley 34\/2002 de 11 de julio, de Servicios de la Sociedad de la Informaci\u00f3n y de Comercio Electr\u00f3nico (LSSICE), se informa a los usuarios que la titularidad del sitio web www.piedracreativa.com pertenece a Antonio Javier Espejo \u00c9cija, con NIF 74665628S y domicilio en [&hellip;]<\/p>\n","protected":false},"author":1,"featured_media":3267,"parent":0,"menu_order":0,"comment_status":"closed","ping_status":"closed","template":"template-full-width.php","meta":{"yasr_overall_rating":0,"yasr_post_is_review":"","yasr_auto_insert_disabled":"","yasr_review_type":"","footnotes":""},"class_list":["post-2915","page","type-page","status-publish","has-post-thumbnail"],"yoast_head":"<!-- This site is optimized with the Yoast SEO plugin v23.8 - https:\/\/yoast.com\/wordpress\/plugins\/seo\/ -->\n<title>Aviso legal &#8226; PiedraCreativa<\/title>\n<meta name=\"description\" content=\"El presente sitio web se pone a disposici\u00f3n de los usuarios con fines informativos e ilustrativos en relaci\u00f3n con el mundo de las creatividades en piedra.\" \/>\n<meta name=\"robots\" content=\"noindex, follow\" \/>\n<meta property=\"og:locale\" content=\"es_ES\" \/>\n<meta property=\"og:type\" content=\"article\" \/>\n<meta property=\"og:title\" content=\"Aviso legal &#8226; PiedraCreativa\" \/>\n<meta property=\"og:description\" content=\"El presente sitio web se pone a disposici\u00f3n de los usuarios con fines informativos e ilustrativos en relaci\u00f3n con el mundo de las creatividades en piedra.\" \/>\n<meta property=\"og:url\" content=\"https:\/\/piedracreativa.com\/blog\/aviso-legal\/\" \/>\n<meta property=\"og:site_name\" content=\"PiedraCreativa\" \/>\n<meta property=\"article:publisher\" content=\"https:\/\/www.facebook.com\/PiedraCreativa-586990834844016\/\" \/>\n<meta property=\"article:modified_time\" content=\"2024-11-24T16:45:20+00:00\" \/>\n<meta property=\"og:image\" content=\"https:\/\/piedracreativa.com\/blog\/wp-content\/uploads\/2017\/02\/libro-variado-newsletter-piedracreativa.png\" \/>\n\t<meta property=\"og:image:width\" content=\"337\" \/>\n\t<meta property=\"og:image:height\" content=\"512\" \/>\n\t<meta property=\"og:image:type\" content=\"image\/png\" \/>\n<meta name=\"twitter:card\" content=\"summary_large_image\" \/>\n<meta name=\"twitter:site\" content=\"@PiedraCreativa\" \/>\n<meta name=\"twitter:label1\" content=\"Tiempo de lectura\" \/>\n\t<meta name=\"twitter:data1\" content=\"3 minutos\" \/>\n<script type=\"application\/ld+json\" class=\"yoast-schema-graph\">{\"@context\":\"https:\/\/schema.org\",\"@graph\":[{\"@type\":\"WebPage\",\"@id\":\"https:\/\/piedracreativa.com\/blog\/aviso-legal\/\",\"url\":\"https:\/\/piedracreativa.com\/blog\/aviso-legal\/\",\"name\":\"Aviso legal &#8226; PiedraCreativa\",\"isPartOf\":{\"@id\":\"https:\/\/piedracreativa.com\/blog\/#website\"},\"primaryImageOfPage\":{\"@id\":\"https:\/\/piedracreativa.com\/blog\/aviso-legal\/#primaryimage\"},\"image\":{\"@id\":\"https:\/\/piedracreativa.com\/blog\/aviso-legal\/#primaryimage\"},\"thumbnailUrl\":\"https:\/\/piedracreativa.com\/blog\/wp-content\/uploads\/2017\/02\/libro-variado-newsletter-piedracreativa.png\",\"datePublished\":\"2017-01-24T21:40:00+00:00\",\"dateModified\":\"2024-11-24T16:45:20+00:00\",\"description\":\"El presente sitio web se pone a disposici\u00f3n de los usuarios con fines informativos e ilustrativos en relaci\u00f3n con el mundo de las creatividades en piedra.\",\"breadcrumb\":{\"@id\":\"https:\/\/piedracreativa.com\/blog\/aviso-legal\/#breadcrumb\"},\"inLanguage\":\"es\",\"potentialAction\":[{\"@type\":\"ReadAction\",\"target\":[\"https:\/\/piedracreativa.com\/blog\/aviso-legal\/\"]}]},{\"@type\":\"ImageObject\",\"inLanguage\":\"es\",\"@id\":\"https:\/\/piedracreativa.com\/blog\/aviso-legal\/#primaryimage\",\"url\":\"https:\/\/piedracreativa.com\/blog\/wp-content\/uploads\/2017\/02\/libro-variado-newsletter-piedracreativa.png\",\"contentUrl\":\"https:\/\/piedracreativa.com\/blog\/wp-content\/uploads\/2017\/02\/libro-variado-newsletter-piedracreativa.png\",\"width\":337,\"height\":512,\"caption\":\"Libro variado para newsletter en PiedraCreativa\"},{\"@type\":\"BreadcrumbList\",\"@id\":\"https:\/\/piedracreativa.com\/blog\/aviso-legal\/#breadcrumb\",\"itemListElement\":[{\"@type\":\"ListItem\",\"position\":1,\"name\":\"Home\",\"item\":\"https:\/\/piedracreativa.com\/blog\/\"},{\"@type\":\"ListItem\",\"position\":2,\"name\":\"Aviso legal\"}]},{\"@type\":\"WebSite\",\"@id\":\"https:\/\/piedracreativa.com\/blog\/#website\",\"url\":\"https:\/\/piedracreativa.com\/blog\/\",\"name\":\"PiedraCreativa\",\"description\":\"Manualidades y decoraci\u00f3n con piedras\",\"potentialAction\":[{\"@type\":\"SearchAction\",\"target\":{\"@type\":\"EntryPoint\",\"urlTemplate\":\"https:\/\/piedracreativa.com\/blog\/?s={search_term_string}\"},\"query-input\":{\"@type\":\"PropertyValueSpecification\",\"valueRequired\":true,\"valueName\":\"search_term_string\"}}],\"inLanguage\":\"es\"},false]}<\/script>\n<!-- \/ Yoast SEO plugin. -->","yoast_head_json":{"title":"Aviso legal &#8226; PiedraCreativa","description":"El presente sitio web se pone a disposici\u00f3n de los usuarios con fines informativos e ilustrativos en relaci\u00f3n con el mundo de las creatividades en piedra.","robots":{"index":"noindex","follow":"follow"},"og_locale":"es_ES","og_type":"article","og_title":"Aviso legal &#8226; PiedraCreativa","og_description":"El presente sitio web se pone a disposici\u00f3n de los usuarios con fines informativos e ilustrativos en relaci\u00f3n con el mundo de las creatividades en piedra.","og_url":"https:\/\/piedracreativa.com\/blog\/aviso-legal\/","og_site_name":"PiedraCreativa","article_publisher":"https:\/\/www.facebook.com\/PiedraCreativa-586990834844016\/","article_modified_time":"2024-11-24T16:45:20+00:00","og_image":[{"width":337,"height":512,"url":"https:\/\/piedracreativa.com\/blog\/wp-content\/uploads\/2017\/02\/libro-variado-newsletter-piedracreativa.png","type":"image\/png"}],"twitter_card":"summary_large_image","twitter_site":"@PiedraCreativa","twitter_misc":{"Tiempo de lectura":"3 minutos"},"schema":{"@context":"https:\/\/schema.org","@graph":[{"@type":"WebPage","@id":"https:\/\/piedracreativa.com\/blog\/aviso-legal\/","url":"https:\/\/piedracreativa.com\/blog\/aviso-legal\/","name":"Aviso legal &#8226; PiedraCreativa","isPartOf":{"@id":"https:\/\/piedracreativa.com\/blog\/#website"},"primaryImageOfPage":{"@id":"https:\/\/piedracreativa.com\/blog\/aviso-legal\/#primaryimage"},"image":{"@id":"https:\/\/piedracreativa.com\/blog\/aviso-legal\/#primaryimage"},"thumbnailUrl":"https:\/\/piedracreativa.com\/blog\/wp-content\/uploads\/2017\/02\/libro-variado-newsletter-piedracreativa.png","datePublished":"2017-01-24T21:40:00+00:00","dateModified":"2024-11-24T16:45:20+00:00","description":"El presente sitio web se pone a disposici\u00f3n de los usuarios con fines informativos e ilustrativos en relaci\u00f3n con el mundo de las creatividades en piedra.","breadcrumb":{"@id":"https:\/\/piedracreativa.com\/blog\/aviso-legal\/#breadcrumb"},"inLanguage":"es","potentialAction":[{"@type":"ReadAction","target":["https:\/\/piedracreativa.com\/blog\/aviso-legal\/"]}]},{"@type":"ImageObject","inLanguage":"es","@id":"https:\/\/piedracreativa.com\/blog\/aviso-legal\/#primaryimage","url":"https:\/\/piedracreativa.com\/blog\/wp-content\/uploads\/2017\/02\/libro-variado-newsletter-piedracreativa.png","contentUrl":"https:\/\/piedracreativa.com\/blog\/wp-content\/uploads\/2017\/02\/libro-variado-newsletter-piedracreativa.png","width":337,"height":512,"caption":"Libro variado para newsletter en PiedraCreativa"},{"@type":"BreadcrumbList","@id":"https:\/\/piedracreativa.com\/blog\/aviso-legal\/#breadcrumb","itemListElement":[{"@type":"ListItem","position":1,"name":"Home","item":"https:\/\/piedracreativa.com\/blog\/"},{"@type":"ListItem","position":2,"name":"Aviso legal"}]},{"@type":"WebSite","@id":"https:\/\/piedracreativa.com\/blog\/#website","url":"https:\/\/piedracreativa.com\/blog\/","name":"PiedraCreativa","description":"Manualidades y decoraci\u00f3n con piedras","potentialAction":[{"@type":"SearchAction","target":{"@type":"EntryPoint","urlTemplate":"https:\/\/piedracreativa.com\/blog\/?s={search_term_string}"},"query-input":{"@type":"PropertyValueSpecification","valueRequired":true,"valueName":"search_term_string"}}],"inLanguage":"es"},false]}},"yasr_visitor_votes":{"stars_attributes":{"read_only":false,"span_bottom":false},"number_of_votes":0,"sum_votes":0},"_links":{"self":[{"href":"https:\/\/piedracreativa.com\/blog\/wp-json\/wp\/v2\/pages\/2915","targetHints":{"allow":["GET"]}}],"collection":[{"href":"https:\/\/piedracreativa.com\/blog\/wp-json\/wp\/v2\/pages"}],"about":[{"href":"https:\/\/piedracreativa.com\/blog\/wp-json\/wp\/v2\/types\/page"}],"author":[{"embeddable":true,"href":"https:\/\/piedracreativa.com\/blog\/wp-json\/wp\/v2\/users\/1"}],"replies":[{"embeddable":true,"href":"https:\/\/piedracreativa.com\/blog\/wp-json\/wp\/v2\/comments?post=2915"}],"version-history":[{"count":10,"href":"https:\/\/piedracreativa.com\/blog\/wp-json\/wp\/v2\/pages\/2915\/revisions"}],"predecessor-version":[{"id":7677,"href":"https:\/\/piedracreativa.com\/blog\/wp-json\/wp\/v2\/pages\/2915\/revisions\/7677"}],"wp:featuredmedia":[{"embeddable":true,"href":"https:\/\/piedracreativa.com\/blog\/wp-json\/wp\/v2\/media\/3267"}],"wp:attachment":[{"href":"https:\/\/piedracreativa.com\/blog\/wp-json\/wp\/v2\/media?parent=2915"}],"curies":[{"name":"wp","href":"https:\/\/api.w.org\/{rel}","templated":true}]}}