{"id":2920,"date":"2017-01-24T22:58:52","date_gmt":"2017-01-24T21:58:52","guid":{"rendered":"https:\/\/piedracreativa.com\/blog\/?page_id=2920"},"modified":"2019-08-30T08:35:28","modified_gmt":"2019-08-30T06:35:28","slug":"politica-de-cookies","status":"publish","type":"page","link":"https:\/\/piedracreativa.com\/blog\/politica-de-cookies\/","title":{"rendered":"Pol\u00edtica de cookies"},"content":{"rendered":"<h3><strong>\u00bfQu\u00e9 son las cookies?<\/strong><\/h3>\n<p>Una cookie es un fichero que se descarga en su ordenador al acceder a determinadas p\u00e1ginas web. Las cookies permiten a una p\u00e1gina web, entre otras cosas, almacenar y recuperar informaci\u00f3n sobre los h\u00e1bitos de navegaci\u00f3n de un usuario o de su equipo y, dependiendo de la informaci\u00f3n que contengan y de la forma en que utilice su equipo, pueden utilizarse para reconocer al usuario.<\/p>\n<h3><strong>El presente sitio web utiliza las siguientes cookies no necesarias para la navegaci\u00f3n:<\/strong><\/h3>\n<h3><strong>Cookies de terceros:<\/strong><\/h3>\n<p>Son aquellas que se instalan en un Portal Web, pero no son titularidad del portal que se est\u00e1 visitando. Por tanto, estas cookies son espec\u00edficas de dominio de un tercero, y consecuentemente, las informaciones contenidas pueden ser vistas y gestionadas por \u00e9ste.<\/p>\n<h3><strong>Este sitio web utiliza las siguientes cookies de terceros no necesarias para la navegaci\u00f3n:<\/strong><\/h3>\n<ul>\n<li>Google Analytics, desarrollada por Google Inc.: permite obtener informaci\u00f3n de las visitas recibidas en el sitio web con el objeto de poder realizar evaluaciones, c\u00e1lculos estad\u00edsticos sobre datos totalmente an\u00f3nimos, con el objeto de garantizar la continuidad del servicio, optimizar el contenido y el rendimiento de nuestra web. Puedes consultar la pol\u00edtica de cookies de Google Analytics pulsando <span style=\"color: #dc329c;\"><a style=\"color: #dc329c;\" href=\"http:\/\/www.google.com\/policies\/privacy\/\" target=\"_blank\" rel=\"nofollow noopener noreferrer\">aqu\u00ed<\/a><\/span><\/li>\n<\/ul>\n<ul>\n<li>Yandex: es una herramienta rusa utilizada para aumentar la conversi\u00f3n del sitio web. Esta cookie analiza el comportamiento del visitante y eval\u00faa el impacto de las campa\u00f1as publicitarias. No obstante en nuestro sitio web no realizamos campa\u00f1as publicitarias por lo que actualmente s\u00f3lo se utiliza para analizar las visitas del usuario. Puedes consultar la pol\u00edtica de cookies de Yandex pulsando <span style=\"color: #dc329c;\"><a style=\"color: #dc329c;\" href=\"https:\/\/yandex.com\/legal\/confidential\/\" target=\"_blank\" rel=\"nofollow noopener noreferrer\">aqu\u00ed<\/a><\/span><\/li>\n<\/ul>\n<p>Todas estas tareas de procesamiento ser\u00e1n reguladas seg\u00fan las normas legales y se respetar\u00e1n todos sus derechos en materia de protecci\u00f3n de datos conforme a la regulaci\u00f3n vigente.<\/p>\n<h3><strong>\u00bfC\u00f3mo puedo gestionar las cookies?<\/strong><\/h3>\n<p>El presente sitio web hace uso de las cookies citadas, de todas formas, el usuario puede acceder al men\u00fa de preferencias de su navegador y configurarlo para que no se instalen cookies, borrar las ya existentes y\/o eliminarlas.<\/p>\n<p>Con el objeto de ampliar la informaci\u00f3n referente a la gesti\u00f3n de las cookies, en los siguientes enlaces se detallan los pasos para eliminar las cookies de los principales navegadores:<\/p>\n<ul>\n<li><span style=\"color: #dc329c;\"><a style=\"color: #dc329c;\" href=\"https:\/\/support.google.com\/chrome\/answer\/95647?hl=es\" target=\"_blank\" rel=\"nofollow noopener noreferrer\">Eliminar cookies en Chrome<\/a><\/span><\/li>\n<li><span style=\"color: #dc329c;\"><a style=\"color: #dc329c;\" href=\"https:\/\/support.mozilla.org\/es\/kb\/Borrar%20cookies\" target=\"_blank\" rel=\"nofollow noopener noreferrer\">Eliminar cookies en Firefox<\/a><\/span><\/li>\n<li><span style=\"color: #dc329c;\"><a style=\"color: #dc329c;\" href=\"http:\/\/windows.microsoft.com\/es-xl\/internet-explorer\/delete-manage-cookies#ie=ie-10\" target=\"_blank\" rel=\"nofollow noopener noreferrer\">Eliminar cookies en Internet Explorer<\/a><\/span><\/li>\n<li><span style=\"color: #dc329c;\"><a style=\"color: #dc329c;\" href=\"https:\/\/support.apple.com\/es-es\/HT201265\" rel=\"nofollow\">Eliminar cookies en Safari<\/a><\/span><\/li>\n<li><span style=\"color: #dc329c;\"><a style=\"color: #dc329c;\" href=\"http:\/\/help.opera.com\/Windows\/11.50\/es-ES\/cookies.html\" target=\"_blank\" rel=\"nofollow noopener noreferrer\">Eliminar cookies en Opera<\/a><\/span><\/li>\n<\/ul>\n<p>Para obtener m\u00e1s informaci\u00f3n sobre el uso de las cookies puedes acceder al enlace:<\/p>\n<p><span style=\"color: #dc329c;\"><a style=\"color: #dc329c;\" href=\"http:\/\/www.agpd.es\/portalwebAGPD\/canaldocumentacion\/publicaciones\/common\/Guias\/Guia_Cookies.pdf\" target=\"_blank\" rel=\"nofollow noopener noreferrer\">Gu\u00eda sobre el uso de las cookies elaborada por la Agencia Espa\u00f1ola de Protecci\u00f3n de Datos.<\/a><\/span><\/p>\n<p>Fecha de la \u00faltima actualizaci\u00f3n: 25\/01\/2017<\/p>\n<p style=\"text-align: center;\"><a class=\"mks_button mks_button_medium squared\" href=\"\/blog\" target=\"_self\" style=\"color: #FFFFFF; background-color: #DC329C;\" >Volver a la p\u00e1gina principal<\/a>\n","protected":false},"excerpt":{"rendered":"<p>\u00bfQu\u00e9 son las cookies? Una cookie es un fichero que se descarga en su ordenador al acceder a determinadas p\u00e1ginas web. Las cookies permiten a una p\u00e1gina web, entre otras cosas, almacenar y recuperar informaci\u00f3n sobre los h\u00e1bitos de navegaci\u00f3n de un usuario o de su equipo y, dependiendo de la informaci\u00f3n que contengan y [&hellip;]<\/p>\n","protected":false},"author":1,"featured_media":3267,"parent":0,"menu_order":0,"comment_status":"closed","ping_status":"closed","template":"template-full-width.php","meta":{"yasr_overall_rating":0,"yasr_post_is_review":"","yasr_auto_insert_disabled":"","yasr_review_type":"","footnotes":""},"class_list":["post-2920","page","type-page","status-publish","has-post-thumbnail"],"yoast_head":"<!-- This site is optimized with the Yoast SEO plugin v23.8 - https:\/\/yoast.com\/wordpress\/plugins\/seo\/ -->\n<title>Pol\u00edtica de cookies &#8226; PiedraCreativa<\/title>\n<meta name=\"robots\" content=\"noindex, follow\" \/>\n<meta property=\"og:locale\" content=\"es_ES\" \/>\n<meta property=\"og:type\" content=\"article\" \/>\n<meta property=\"og:title\" content=\"Pol\u00edtica de cookies &#8226; PiedraCreativa\" \/>\n<meta property=\"og:description\" content=\"\u00bfQu\u00e9 son las cookies? Una cookie es un fichero que se descarga en su ordenador al acceder a determinadas p\u00e1ginas web. Las cookies permiten a una p\u00e1gina web, entre otras cosas, almacenar y recuperar informaci\u00f3n sobre los h\u00e1bitos de navegaci\u00f3n de un usuario o de su equipo y, dependiendo de la informaci\u00f3n que contengan y [&hellip;]\" \/>\n<meta property=\"og:url\" content=\"https:\/\/piedracreativa.com\/blog\/politica-de-cookies\/\" \/>\n<meta property=\"og:site_name\" content=\"PiedraCreativa\" \/>\n<meta property=\"article:publisher\" content=\"https:\/\/www.facebook.com\/PiedraCreativa-586990834844016\/\" \/>\n<meta property=\"article:modified_time\" content=\"2019-08-30T06:35:28+00:00\" \/>\n<meta property=\"og:image\" content=\"https:\/\/piedracreativa.com\/blog\/wp-content\/uploads\/2017\/02\/libro-variado-newsletter-piedracreativa.png\" \/>\n\t<meta property=\"og:image:width\" content=\"337\" \/>\n\t<meta property=\"og:image:height\" content=\"512\" \/>\n\t<meta property=\"og:image:type\" content=\"image\/png\" \/>\n<meta name=\"twitter:card\" content=\"summary_large_image\" \/>\n<meta name=\"twitter:site\" content=\"@PiedraCreativa\" \/>\n<meta name=\"twitter:label1\" content=\"Tiempo de lectura\" \/>\n\t<meta name=\"twitter:data1\" content=\"2 minutos\" \/>\n<script type=\"application\/ld+json\" class=\"yoast-schema-graph\">{\"@context\":\"https:\/\/schema.org\",\"@graph\":[{\"@type\":\"WebPage\",\"@id\":\"https:\/\/piedracreativa.com\/blog\/politica-de-cookies\/\",\"url\":\"https:\/\/piedracreativa.com\/blog\/politica-de-cookies\/\",\"name\":\"Pol\u00edtica de cookies &#8226; PiedraCreativa\",\"isPartOf\":{\"@id\":\"https:\/\/piedracreativa.com\/blog\/#website\"},\"primaryImageOfPage\":{\"@id\":\"https:\/\/piedracreativa.com\/blog\/politica-de-cookies\/#primaryimage\"},\"image\":{\"@id\":\"https:\/\/piedracreativa.com\/blog\/politica-de-cookies\/#primaryimage\"},\"thumbnailUrl\":\"https:\/\/piedracreativa.com\/blog\/wp-content\/uploads\/2017\/02\/libro-variado-newsletter-piedracreativa.png\",\"datePublished\":\"2017-01-24T21:58:52+00:00\",\"dateModified\":\"2019-08-30T06:35:28+00:00\",\"breadcrumb\":{\"@id\":\"https:\/\/piedracreativa.com\/blog\/politica-de-cookies\/#breadcrumb\"},\"inLanguage\":\"es\",\"potentialAction\":[{\"@type\":\"ReadAction\",\"target\":[\"https:\/\/piedracreativa.com\/blog\/politica-de-cookies\/\"]}]},{\"@type\":\"ImageObject\",\"inLanguage\":\"es\",\"@id\":\"https:\/\/piedracreativa.com\/blog\/politica-de-cookies\/#primaryimage\",\"url\":\"https:\/\/piedracreativa.com\/blog\/wp-content\/uploads\/2017\/02\/libro-variado-newsletter-piedracreativa.png\",\"contentUrl\":\"https:\/\/piedracreativa.com\/blog\/wp-content\/uploads\/2017\/02\/libro-variado-newsletter-piedracreativa.png\",\"width\":337,\"height\":512,\"caption\":\"Libro variado para newsletter en PiedraCreativa\"},{\"@type\":\"BreadcrumbList\",\"@id\":\"https:\/\/piedracreativa.com\/blog\/politica-de-cookies\/#breadcrumb\",\"itemListElement\":[{\"@type\":\"ListItem\",\"position\":1,\"name\":\"Home\",\"item\":\"https:\/\/piedracreativa.com\/blog\/\"},{\"@type\":\"ListItem\",\"position\":2,\"name\":\"Pol\u00edtica de cookies\"}]},{\"@type\":\"WebSite\",\"@id\":\"https:\/\/piedracreativa.com\/blog\/#website\",\"url\":\"https:\/\/piedracreativa.com\/blog\/\",\"name\":\"PiedraCreativa\",\"description\":\"Manualidades y decoraci\u00f3n con piedras\",\"potentialAction\":[{\"@type\":\"SearchAction\",\"target\":{\"@type\":\"EntryPoint\",\"urlTemplate\":\"https:\/\/piedracreativa.com\/blog\/?s={search_term_string}\"},\"query-input\":{\"@type\":\"PropertyValueSpecification\",\"valueRequired\":true,\"valueName\":\"search_term_string\"}}],\"inLanguage\":\"es\"},false]}<\/script>\n<!-- \/ Yoast SEO plugin. -->","yoast_head_json":{"title":"Pol\u00edtica de cookies &#8226; PiedraCreativa","robots":{"index":"noindex","follow":"follow"},"og_locale":"es_ES","og_type":"article","og_title":"Pol\u00edtica de cookies &#8226; PiedraCreativa","og_description":"\u00bfQu\u00e9 son las cookies? Una cookie es un fichero que se descarga en su ordenador al acceder a determinadas p\u00e1ginas web. Las cookies permiten a una p\u00e1gina web, entre otras cosas, almacenar y recuperar informaci\u00f3n sobre los h\u00e1bitos de navegaci\u00f3n de un usuario o de su equipo y, dependiendo de la informaci\u00f3n que contengan y [&hellip;]","og_url":"https:\/\/piedracreativa.com\/blog\/politica-de-cookies\/","og_site_name":"PiedraCreativa","article_publisher":"https:\/\/www.facebook.com\/PiedraCreativa-586990834844016\/","article_modified_time":"2019-08-30T06:35:28+00:00","og_image":[{"width":337,"height":512,"url":"https:\/\/piedracreativa.com\/blog\/wp-content\/uploads\/2017\/02\/libro-variado-newsletter-piedracreativa.png","type":"image\/png"}],"twitter_card":"summary_large_image","twitter_site":"@PiedraCreativa","twitter_misc":{"Tiempo de lectura":"2 minutos"},"schema":{"@context":"https:\/\/schema.org","@graph":[{"@type":"WebPage","@id":"https:\/\/piedracreativa.com\/blog\/politica-de-cookies\/","url":"https:\/\/piedracreativa.com\/blog\/politica-de-cookies\/","name":"Pol\u00edtica de cookies &#8226; PiedraCreativa","isPartOf":{"@id":"https:\/\/piedracreativa.com\/blog\/#website"},"primaryImageOfPage":{"@id":"https:\/\/piedracreativa.com\/blog\/politica-de-cookies\/#primaryimage"},"image":{"@id":"https:\/\/piedracreativa.com\/blog\/politica-de-cookies\/#primaryimage"},"thumbnailUrl":"https:\/\/piedracreativa.com\/blog\/wp-content\/uploads\/2017\/02\/libro-variado-newsletter-piedracreativa.png","datePublished":"2017-01-24T21:58:52+00:00","dateModified":"2019-08-30T06:35:28+00:00","breadcrumb":{"@id":"https:\/\/piedracreativa.com\/blog\/politica-de-cookies\/#breadcrumb"},"inLanguage":"es","potentialAction":[{"@type":"ReadAction","target":["https:\/\/piedracreativa.com\/blog\/politica-de-cookies\/"]}]},{"@type":"ImageObject","inLanguage":"es","@id":"https:\/\/piedracreativa.com\/blog\/politica-de-cookies\/#primaryimage","url":"https:\/\/piedracreativa.com\/blog\/wp-content\/uploads\/2017\/02\/libro-variado-newsletter-piedracreativa.png","contentUrl":"https:\/\/piedracreativa.com\/blog\/wp-content\/uploads\/2017\/02\/libro-variado-newsletter-piedracreativa.png","width":337,"height":512,"caption":"Libro variado para newsletter en PiedraCreativa"},{"@type":"BreadcrumbList","@id":"https:\/\/piedracreativa.com\/blog\/politica-de-cookies\/#breadcrumb","itemListElement":[{"@type":"ListItem","position":1,"name":"Home","item":"https:\/\/piedracreativa.com\/blog\/"},{"@type":"ListItem","position":2,"name":"Pol\u00edtica de cookies"}]},{"@type":"WebSite","@id":"https:\/\/piedracreativa.com\/blog\/#website","url":"https:\/\/piedracreativa.com\/blog\/","name":"PiedraCreativa","description":"Manualidades y decoraci\u00f3n con piedras","potentialAction":[{"@type":"SearchAction","target":{"@type":"EntryPoint","urlTemplate":"https:\/\/piedracreativa.com\/blog\/?s={search_term_string}"},"query-input":{"@type":"PropertyValueSpecification","valueRequired":true,"valueName":"search_term_string"}}],"inLanguage":"es"},false]}},"yasr_visitor_votes":{"stars_attributes":{"read_only":false,"span_bottom":false},"number_of_votes":0,"sum_votes":0},"_links":{"self":[{"href":"https:\/\/piedracreativa.com\/blog\/wp-json\/wp\/v2\/pages\/2920","targetHints":{"allow":["GET"]}}],"collection":[{"href":"https:\/\/piedracreativa.com\/blog\/wp-json\/wp\/v2\/pages"}],"about":[{"href":"https:\/\/piedracreativa.com\/blog\/wp-json\/wp\/v2\/types\/page"}],"author":[{"embeddable":true,"href":"https:\/\/piedracreativa.com\/blog\/wp-json\/wp\/v2\/users\/1"}],"replies":[{"embeddable":true,"href":"https:\/\/piedracreativa.com\/blog\/wp-json\/wp\/v2\/comments?post=2920"}],"version-history":[{"count":13,"href":"https:\/\/piedracreativa.com\/blog\/wp-json\/wp\/v2\/pages\/2920\/revisions"}],"predecessor-version":[{"id":7617,"href":"https:\/\/piedracreativa.com\/blog\/wp-json\/wp\/v2\/pages\/2920\/revisions\/7617"}],"wp:featuredmedia":[{"embeddable":true,"href":"https:\/\/piedracreativa.com\/blog\/wp-json\/wp\/v2\/media\/3267"}],"wp:attachment":[{"href":"https:\/\/piedracreativa.com\/blog\/wp-json\/wp\/v2\/media?parent=2920"}],"curies":[{"name":"wp","href":"https:\/\/api.w.org\/{rel}","templated":true}]}}