{"id":6555,"date":"2017-12-07T00:22:46","date_gmt":"2017-12-06T23:22:46","guid":{"rendered":"https:\/\/piedracreativa.com\/blog\/?page_id=6555"},"modified":"2017-12-13T13:57:17","modified_gmt":"2017-12-13T12:57:17","slug":"articulo-enviado","status":"publish","type":"page","link":"https:\/\/piedracreativa.com\/blog\/articulo-enviado\/","title":{"rendered":"Art\u00edculo enviado"},"content":{"rendered":"<h2>Confirmaci\u00f3n de art\u00edculo enviado<\/h2>\n<p>Confirmaci\u00f3n de art\u00edculo enviado para su aprobaci\u00f3n de administraci\u00f3n.<\/p>\n","protected":false},"excerpt":{"rendered":"<p>Confirmaci\u00f3n de art\u00edculo enviado Confirmaci\u00f3n de art\u00edculo enviado para su aprobaci\u00f3n de administraci\u00f3n.<\/p>\n","protected":false},"author":1,"featured_media":0,"parent":0,"menu_order":0,"comment_status":"closed","ping_status":"closed","template":"template-modules.php","meta":{"yasr_overall_rating":0,"yasr_post_is_review":"","yasr_auto_insert_disabled":"","yasr_review_type":"","footnotes":""},"class_list":["post-6555","page","type-page","status-publish"],"yoast_head":"<!-- This site is optimized with the Yoast SEO plugin v23.8 - https:\/\/yoast.com\/wordpress\/plugins\/seo\/ -->\n<title>Art\u00edculo enviado &#8226; PiedraCreativa<\/title>\n<meta name=\"description\" content=\"Confirmaci\u00f3n de art\u00edculo enviado para su aprobaci\u00f3n de administraci\u00f3n.\" \/>\n<meta name=\"robots\" content=\"index, follow, max-snippet:-1, max-image-preview:large, max-video-preview:-1\" \/>\n<link rel=\"canonical\" href=\"https:\/\/piedracreativa.com\/blog\/articulo-enviado\/\" \/>\n<meta property=\"og:locale\" content=\"es_ES\" \/>\n<meta property=\"og:type\" content=\"article\" \/>\n<meta property=\"og:title\" content=\"Art\u00edculo enviado &#8226; PiedraCreativa\" \/>\n<meta property=\"og:description\" content=\"Confirmaci\u00f3n de art\u00edculo enviado para su aprobaci\u00f3n de administraci\u00f3n.\" \/>\n<meta property=\"og:url\" content=\"https:\/\/piedracreativa.com\/blog\/articulo-enviado\/\" \/>\n<meta property=\"og:site_name\" content=\"PiedraCreativa\" \/>\n<meta property=\"article:publisher\" content=\"https:\/\/www.facebook.com\/PiedraCreativa-586990834844016\/\" \/>\n<meta property=\"article:modified_time\" content=\"2017-12-13T12:57:17+00:00\" \/>\n<meta property=\"og:image\" content=\"https:\/\/piedracreativa.com\/blog\/wp-content\/uploads\/2018\/02\/piedracreativa_facebook.png\" \/>\n\t<meta property=\"og:image:width\" content=\"768\" \/>\n\t<meta property=\"og:image:height\" content=\"403\" \/>\n\t<meta property=\"og:image:type\" content=\"image\/png\" \/>\n<meta name=\"twitter:card\" content=\"summary_large_image\" \/>\n<meta name=\"twitter:site\" content=\"@PiedraCreativa\" \/>\n<script type=\"application\/ld+json\" class=\"yoast-schema-graph\">{\"@context\":\"https:\/\/schema.org\",\"@graph\":[{\"@type\":\"WebPage\",\"@id\":\"https:\/\/piedracreativa.com\/blog\/articulo-enviado\/\",\"url\":\"https:\/\/piedracreativa.com\/blog\/articulo-enviado\/\",\"name\":\"Art\u00edculo enviado &#8226; PiedraCreativa\",\"isPartOf\":{\"@id\":\"https:\/\/piedracreativa.com\/blog\/#website\"},\"datePublished\":\"2017-12-06T23:22:46+00:00\",\"dateModified\":\"2017-12-13T12:57:17+00:00\",\"description\":\"Confirmaci\u00f3n de art\u00edculo enviado para su aprobaci\u00f3n de administraci\u00f3n.\",\"breadcrumb\":{\"@id\":\"https:\/\/piedracreativa.com\/blog\/articulo-enviado\/#breadcrumb\"},\"inLanguage\":\"es\",\"potentialAction\":[{\"@type\":\"ReadAction\",\"target\":[\"https:\/\/piedracreativa.com\/blog\/articulo-enviado\/\"]}]},{\"@type\":\"BreadcrumbList\",\"@id\":\"https:\/\/piedracreativa.com\/blog\/articulo-enviado\/#breadcrumb\",\"itemListElement\":[{\"@type\":\"ListItem\",\"position\":1,\"name\":\"Home\",\"item\":\"https:\/\/piedracreativa.com\/blog\/\"},{\"@type\":\"ListItem\",\"position\":2,\"name\":\"Art\u00edculo enviado\"}]},{\"@type\":\"WebSite\",\"@id\":\"https:\/\/piedracreativa.com\/blog\/#website\",\"url\":\"https:\/\/piedracreativa.com\/blog\/\",\"name\":\"PiedraCreativa\",\"description\":\"Manualidades y decoraci\u00f3n con piedras\",\"potentialAction\":[{\"@type\":\"SearchAction\",\"target\":{\"@type\":\"EntryPoint\",\"urlTemplate\":\"https:\/\/piedracreativa.com\/blog\/?s={search_term_string}\"},\"query-input\":{\"@type\":\"PropertyValueSpecification\",\"valueRequired\":true,\"valueName\":\"search_term_string\"}}],\"inLanguage\":\"es\"},false]}<\/script>\n<!-- \/ Yoast SEO plugin. -->","yoast_head_json":{"title":"Art\u00edculo enviado &#8226; PiedraCreativa","description":"Confirmaci\u00f3n de art\u00edculo enviado para su aprobaci\u00f3n de administraci\u00f3n.","robots":{"index":"index","follow":"follow","max-snippet":"max-snippet:-1","max-image-preview":"max-image-preview:large","max-video-preview":"max-video-preview:-1"},"canonical":"https:\/\/piedracreativa.com\/blog\/articulo-enviado\/","og_locale":"es_ES","og_type":"article","og_title":"Art\u00edculo enviado &#8226; PiedraCreativa","og_description":"Confirmaci\u00f3n de art\u00edculo enviado para su aprobaci\u00f3n de administraci\u00f3n.","og_url":"https:\/\/piedracreativa.com\/blog\/articulo-enviado\/","og_site_name":"PiedraCreativa","article_publisher":"https:\/\/www.facebook.com\/PiedraCreativa-586990834844016\/","article_modified_time":"2017-12-13T12:57:17+00:00","og_image":[{"width":768,"height":403,"url":"https:\/\/piedracreativa.com\/blog\/wp-content\/uploads\/2018\/02\/piedracreativa_facebook.png","type":"image\/png"}],"twitter_card":"summary_large_image","twitter_site":"@PiedraCreativa","schema":{"@context":"https:\/\/schema.org","@graph":[{"@type":"WebPage","@id":"https:\/\/piedracreativa.com\/blog\/articulo-enviado\/","url":"https:\/\/piedracreativa.com\/blog\/articulo-enviado\/","name":"Art\u00edculo enviado &#8226; PiedraCreativa","isPartOf":{"@id":"https:\/\/piedracreativa.com\/blog\/#website"},"datePublished":"2017-12-06T23:22:46+00:00","dateModified":"2017-12-13T12:57:17+00:00","description":"Confirmaci\u00f3n de art\u00edculo enviado para su aprobaci\u00f3n de administraci\u00f3n.","breadcrumb":{"@id":"https:\/\/piedracreativa.com\/blog\/articulo-enviado\/#breadcrumb"},"inLanguage":"es","potentialAction":[{"@type":"ReadAction","target":["https:\/\/piedracreativa.com\/blog\/articulo-enviado\/"]}]},{"@type":"BreadcrumbList","@id":"https:\/\/piedracreativa.com\/blog\/articulo-enviado\/#breadcrumb","itemListElement":[{"@type":"ListItem","position":1,"name":"Home","item":"https:\/\/piedracreativa.com\/blog\/"},{"@type":"ListItem","position":2,"name":"Art\u00edculo enviado"}]},{"@type":"WebSite","@id":"https:\/\/piedracreativa.com\/blog\/#website","url":"https:\/\/piedracreativa.com\/blog\/","name":"PiedraCreativa","description":"Manualidades y decoraci\u00f3n con piedras","potentialAction":[{"@type":"SearchAction","target":{"@type":"EntryPoint","urlTemplate":"https:\/\/piedracreativa.com\/blog\/?s={search_term_string}"},"query-input":{"@type":"PropertyValueSpecification","valueRequired":true,"valueName":"search_term_string"}}],"inLanguage":"es"},false]}},"yasr_visitor_votes":{"stars_attributes":{"read_only":false,"span_bottom":false},"number_of_votes":0,"sum_votes":0},"_links":{"self":[{"href":"https:\/\/piedracreativa.com\/blog\/wp-json\/wp\/v2\/pages\/6555","targetHints":{"allow":["GET"]}}],"collection":[{"href":"https:\/\/piedracreativa.com\/blog\/wp-json\/wp\/v2\/pages"}],"about":[{"href":"https:\/\/piedracreativa.com\/blog\/wp-json\/wp\/v2\/types\/page"}],"author":[{"embeddable":true,"href":"https:\/\/piedracreativa.com\/blog\/wp-json\/wp\/v2\/users\/1"}],"replies":[{"embeddable":true,"href":"https:\/\/piedracreativa.com\/blog\/wp-json\/wp\/v2\/comments?post=6555"}],"version-history":[{"count":1,"href":"https:\/\/piedracreativa.com\/blog\/wp-json\/wp\/v2\/pages\/6555\/revisions"}],"predecessor-version":[{"id":6556,"href":"https:\/\/piedracreativa.com\/blog\/wp-json\/wp\/v2\/pages\/6555\/revisions\/6556"}],"wp:attachment":[{"href":"https:\/\/piedracreativa.com\/blog\/wp-json\/wp\/v2\/media?parent=6555"}],"curies":[{"name":"wp","href":"https:\/\/api.w.org\/{rel}","templated":true}]}}