{"id":6559,"date":"2017-12-07T08:34:29","date_gmt":"2017-12-07T07:34:29","guid":{"rendered":"https:\/\/piedracreativa.com\/blog\/password-reset\/"},"modified":"2017-12-12T14:58:34","modified_gmt":"2017-12-12T13:58:34","slug":"restablecer-password","status":"publish","type":"page","link":"https:\/\/piedracreativa.com\/blog\/restablecer-password\/","title":{"rendered":"Restablecer contrase\u00f1a"},"content":{"rendered":"[wpum_password_recovery form_id=&#8221;Restablecer&#8221; login_link=&#8221;yes&#8221; psw_link=&#8221;no&#8221; register_link=&#8221;yes&#8221; ]\n","protected":false},"excerpt":{"rendered":"<p>[wpum_password_recovery form_id=&#8221;Restablecer&#8221; login_link=&#8221;yes&#8221; psw_link=&#8221;no&#8221; register_link=&#8221;yes&#8221; ]<\/p>\n","protected":false},"author":1,"featured_media":0,"parent":0,"menu_order":0,"comment_status":"closed","ping_status":"closed","template":"template-full-width.php","meta":{"yasr_overall_rating":0,"yasr_post_is_review":"","yasr_auto_insert_disabled":"","yasr_review_type":"","footnotes":""},"class_list":["post-6559","page","type-page","status-publish"],"yoast_head":"<!-- This site is optimized with the Yoast SEO plugin v23.8 - https:\/\/yoast.com\/wordpress\/plugins\/seo\/ -->\n<title>Restablecer contrase\u00f1a &#8226; PiedraCreativa<\/title>\n<meta name=\"description\" content=\"Aqu\u00ed puedes restablecer tu contrase\u00f1a en caso de que haya sido olvidada.\" \/>\n<meta name=\"robots\" content=\"index, follow, max-snippet:-1, max-image-preview:large, max-video-preview:-1\" \/>\n<link rel=\"canonical\" href=\"https:\/\/piedracreativa.com\/blog\/restablecer-password\/\" \/>\n<meta property=\"og:locale\" content=\"es_ES\" \/>\n<meta property=\"og:type\" content=\"article\" \/>\n<meta property=\"og:title\" content=\"Restablecer contrase\u00f1a &#8226; PiedraCreativa\" \/>\n<meta property=\"og:description\" content=\"Aqu\u00ed puedes restablecer tu contrase\u00f1a en caso de que haya sido olvidada.\" \/>\n<meta property=\"og:url\" content=\"https:\/\/piedracreativa.com\/blog\/restablecer-password\/\" \/>\n<meta property=\"og:site_name\" content=\"PiedraCreativa\" \/>\n<meta property=\"article:publisher\" content=\"https:\/\/www.facebook.com\/PiedraCreativa-586990834844016\/\" \/>\n<meta property=\"article:modified_time\" content=\"2017-12-12T13:58:34+00:00\" \/>\n<meta property=\"og:image\" content=\"https:\/\/piedracreativa.com\/blog\/wp-content\/uploads\/2018\/02\/piedracreativa_facebook.png\" \/>\n\t<meta property=\"og:image:width\" content=\"768\" \/>\n\t<meta property=\"og:image:height\" content=\"403\" \/>\n\t<meta property=\"og:image:type\" content=\"image\/png\" \/>\n<meta name=\"twitter:card\" content=\"summary_large_image\" \/>\n<meta name=\"twitter:site\" content=\"@PiedraCreativa\" \/>\n<script type=\"application\/ld+json\" class=\"yoast-schema-graph\">{\"@context\":\"https:\/\/schema.org\",\"@graph\":[{\"@type\":\"WebPage\",\"@id\":\"https:\/\/piedracreativa.com\/blog\/restablecer-password\/\",\"url\":\"https:\/\/piedracreativa.com\/blog\/restablecer-password\/\",\"name\":\"Restablecer contrase\u00f1a &#8226; PiedraCreativa\",\"isPartOf\":{\"@id\":\"https:\/\/piedracreativa.com\/blog\/#website\"},\"datePublished\":\"2017-12-07T07:34:29+00:00\",\"dateModified\":\"2017-12-12T13:58:34+00:00\",\"description\":\"Aqu\u00ed puedes restablecer tu contrase\u00f1a en caso de que haya sido olvidada.\",\"breadcrumb\":{\"@id\":\"https:\/\/piedracreativa.com\/blog\/restablecer-password\/#breadcrumb\"},\"inLanguage\":\"es\",\"potentialAction\":[{\"@type\":\"ReadAction\",\"target\":[\"https:\/\/piedracreativa.com\/blog\/restablecer-password\/\"]}]},{\"@type\":\"BreadcrumbList\",\"@id\":\"https:\/\/piedracreativa.com\/blog\/restablecer-password\/#breadcrumb\",\"itemListElement\":[{\"@type\":\"ListItem\",\"position\":1,\"name\":\"Home\",\"item\":\"https:\/\/piedracreativa.com\/blog\/\"},{\"@type\":\"ListItem\",\"position\":2,\"name\":\"Restablecer contrase\u00f1a\"}]},{\"@type\":\"WebSite\",\"@id\":\"https:\/\/piedracreativa.com\/blog\/#website\",\"url\":\"https:\/\/piedracreativa.com\/blog\/\",\"name\":\"PiedraCreativa\",\"description\":\"Manualidades y decoraci\u00f3n con piedras\",\"potentialAction\":[{\"@type\":\"SearchAction\",\"target\":{\"@type\":\"EntryPoint\",\"urlTemplate\":\"https:\/\/piedracreativa.com\/blog\/?s={search_term_string}\"},\"query-input\":{\"@type\":\"PropertyValueSpecification\",\"valueRequired\":true,\"valueName\":\"search_term_string\"}}],\"inLanguage\":\"es\"},false]}<\/script>\n<!-- \/ Yoast SEO plugin. -->","yoast_head_json":{"title":"Restablecer contrase\u00f1a &#8226; PiedraCreativa","description":"Aqu\u00ed puedes restablecer tu contrase\u00f1a en caso de que haya sido olvidada.","robots":{"index":"index","follow":"follow","max-snippet":"max-snippet:-1","max-image-preview":"max-image-preview:large","max-video-preview":"max-video-preview:-1"},"canonical":"https:\/\/piedracreativa.com\/blog\/restablecer-password\/","og_locale":"es_ES","og_type":"article","og_title":"Restablecer contrase\u00f1a &#8226; PiedraCreativa","og_description":"Aqu\u00ed puedes restablecer tu contrase\u00f1a en caso de que haya sido olvidada.","og_url":"https:\/\/piedracreativa.com\/blog\/restablecer-password\/","og_site_name":"PiedraCreativa","article_publisher":"https:\/\/www.facebook.com\/PiedraCreativa-586990834844016\/","article_modified_time":"2017-12-12T13:58:34+00:00","og_image":[{"width":768,"height":403,"url":"https:\/\/piedracreativa.com\/blog\/wp-content\/uploads\/2018\/02\/piedracreativa_facebook.png","type":"image\/png"}],"twitter_card":"summary_large_image","twitter_site":"@PiedraCreativa","schema":{"@context":"https:\/\/schema.org","@graph":[{"@type":"WebPage","@id":"https:\/\/piedracreativa.com\/blog\/restablecer-password\/","url":"https:\/\/piedracreativa.com\/blog\/restablecer-password\/","name":"Restablecer contrase\u00f1a &#8226; PiedraCreativa","isPartOf":{"@id":"https:\/\/piedracreativa.com\/blog\/#website"},"datePublished":"2017-12-07T07:34:29+00:00","dateModified":"2017-12-12T13:58:34+00:00","description":"Aqu\u00ed puedes restablecer tu contrase\u00f1a en caso de que haya sido olvidada.","breadcrumb":{"@id":"https:\/\/piedracreativa.com\/blog\/restablecer-password\/#breadcrumb"},"inLanguage":"es","potentialAction":[{"@type":"ReadAction","target":["https:\/\/piedracreativa.com\/blog\/restablecer-password\/"]}]},{"@type":"BreadcrumbList","@id":"https:\/\/piedracreativa.com\/blog\/restablecer-password\/#breadcrumb","itemListElement":[{"@type":"ListItem","position":1,"name":"Home","item":"https:\/\/piedracreativa.com\/blog\/"},{"@type":"ListItem","position":2,"name":"Restablecer contrase\u00f1a"}]},{"@type":"WebSite","@id":"https:\/\/piedracreativa.com\/blog\/#website","url":"https:\/\/piedracreativa.com\/blog\/","name":"PiedraCreativa","description":"Manualidades y decoraci\u00f3n con piedras","potentialAction":[{"@type":"SearchAction","target":{"@type":"EntryPoint","urlTemplate":"https:\/\/piedracreativa.com\/blog\/?s={search_term_string}"},"query-input":{"@type":"PropertyValueSpecification","valueRequired":true,"valueName":"search_term_string"}}],"inLanguage":"es"},false]}},"yasr_visitor_votes":{"stars_attributes":{"read_only":false,"span_bottom":false},"number_of_votes":0,"sum_votes":0},"_links":{"self":[{"href":"https:\/\/piedracreativa.com\/blog\/wp-json\/wp\/v2\/pages\/6559","targetHints":{"allow":["GET"]}}],"collection":[{"href":"https:\/\/piedracreativa.com\/blog\/wp-json\/wp\/v2\/pages"}],"about":[{"href":"https:\/\/piedracreativa.com\/blog\/wp-json\/wp\/v2\/types\/page"}],"author":[{"embeddable":true,"href":"https:\/\/piedracreativa.com\/blog\/wp-json\/wp\/v2\/users\/1"}],"replies":[{"embeddable":true,"href":"https:\/\/piedracreativa.com\/blog\/wp-json\/wp\/v2\/comments?post=6559"}],"version-history":[{"count":3,"href":"https:\/\/piedracreativa.com\/blog\/wp-json\/wp\/v2\/pages\/6559\/revisions"}],"predecessor-version":[{"id":6613,"href":"https:\/\/piedracreativa.com\/blog\/wp-json\/wp\/v2\/pages\/6559\/revisions\/6613"}],"wp:attachment":[{"href":"https:\/\/piedracreativa.com\/blog\/wp-json\/wp\/v2\/media?parent=6559"}],"curies":[{"name":"wp","href":"https:\/\/api.w.org\/{rel}","templated":true}]}}